{"id":718,"date":"2026-02-22T13:54:07","date_gmt":"2026-02-22T12:54:07","guid":{"rendered":"https:\/\/animafresca.com\/product\/sauvignon-blanc-altitud-2024\/"},"modified":"2026-04-05T15:33:16","modified_gmt":"2026-04-05T14:33:16","slug":"sauvignon-blanc-altitud-2024","status":"publish","type":"product","link":"https:\/\/animafresca.com\/ca\/producte\/sauvignon-blanc-altitud-2024\/","title":{"rendered":"Sauvignon Blanc | Altitud | 2024"},"content":{"rendered":"<div class=\"et_pb_section_0 et_pb_section et_section_regular et_block_section\">\n<div class=\"et_pb_row_0 et_pb_row et_block_row\">\n<div class=\"et_pb_column_0 et_pb_column et_pb_column_4_4 et-last-child et_block_column et_pb_css_mix_blend_mode_passthrough\">\n<div class=\"et_pb_text_0 et_pb_text et_pb_bg_layout_light et_pb_module et_flex_module\"><div class=\"et_pb_text_inner\"><h1 style=\"text-align: center;\">SAUVIGNON BLANC<br \/>ALTITUD<br \/><span>\ud802\udd01<\/span><\/h1>\n<\/div><\/div>\n<\/div>\n<\/div>\n<\/div>\n\n<div class=\"et_pb_section_1 et_pb_section et_section_regular et_flex_section\">\n<div class=\"et_pb_row_1 et_pb_row et_flex_row\">\n<div class=\"et_pb_column_1 et_pb_column et-last-child et_flex_column et_pb_css_mix_blend_mode_passthrough et_flex_column_24_24 et_flex_column_24_24_tablet et_flex_column_24_24_phone\">\n<div class=\"et_pb_image_0 et_pb_image et_pb_module et_flex_module\"><span class=\"et_pb_image_wrap\"><img decoding=\"async\" src=\"data:image\/svg+xml;base64,PHN2ZyB3aWR0aD0iMTA4MCIgaGVpZ2h0PSI1NDAiIHZpZXdCb3g9IjAgMCAxMDgwIDU0MCIgeG1sbnM9Imh0dHA6Ly93d3cudzMub3JnLzIwMDAvc3ZnIj4KICAgIDxnIGZpbGw9Im5vbmUiIGZpbGwtcnVsZT0iZXZlbm9kZCI+CiAgICAgICAgPHBhdGggZmlsbD0iI0VCRUJFQiIgZD0iTTAgMGgxMDgwdjU0MEgweiIvPgogICAgICAgIDxwYXRoIGQ9Ik00NDUuNjQ5IDU0MGgtOTguOTk1TDE0NC42NDkgMzM3Ljk5NSAwIDQ4Mi42NDR2LTk4Ljk5NWwxMTYuMzY1LTExNi4zNjVjMTUuNjItMTUuNjIgNDAuOTQ3LTE1LjYyIDU2LjU2OCAwTDQ0NS42NSA1NDB6IiBmaWxsLW9wYWNpdHk9Ii4xIiBmaWxsPSIjMDAwIiBmaWxsLXJ1bGU9Im5vbnplcm8iLz4KICAgICAgICA8Y2lyY2xlIGZpbGwtb3BhY2l0eT0iLjA1IiBmaWxsPSIjMDAwIiBjeD0iMzMxIiBjeT0iMTQ4IiByPSI3MCIvPgogICAgICAgIDxwYXRoIGQ9Ik0xMDgwIDM3OXYxMTMuMTM3TDcyOC4xNjIgMTQwLjMgMzI4LjQ2MiA1NDBIMjE1LjMyNEw2OTkuODc4IDU1LjQ0NmMxNS42Mi0xNS42MiA0MC45NDgtMTUuNjIgNTYuNTY4IDBMMTA4MCAzNzl6IiBmaWxsLW9wYWNpdHk9Ii4yIiBmaWxsPSIjMDAwIiBmaWxsLXJ1bGU9Im5vbnplcm8iLz4KICAgIDwvZz4KPC9zdmc+Cg==\" title=\"SB_fondo_Cabecera\" width=\"\" height=\"\" srcset=\"\" sizes=\"\" class=\"wp-image-582\" \/><\/span><\/div>\n<\/div>\n<\/div>\n<\/div>\n\n<div class=\"et_pb_section_2 et_pb_section et_section_regular et_flex_section\">\n<div class=\"et_pb_row_2 et_pb_row et_flex_row\">\n<div class=\"et_pb_column_2 et_pb_column et_flex_column et_pb_css_mix_blend_mode_passthrough et_flex_column_8_24 et_flex_column_8_24_tablet et_flex_column_24_24_phone\">\n<div class=\"et_pb_row_3 et_pb_row et_pb_row_nested et_flex_row\">\n<div class=\"et_pb_column_3 et_pb_column et-last-child et_flex_column et_pb_css_mix_blend_mode_passthrough et_flex_column_24_24 et_flex_column_24_24_tablet et_flex_column_24_24_phone\">\n<div class=\"et_pb_heading_0 et_pb_heading et_pb_module et_flex_module\"><div class=\"et_pb_heading_container\"><h1 class=\"et_pb_module_header\">2024<\/h1><\/div><\/div>\n\n<div class=\"et_pb_heading_1 et_pb_heading et_pb_module et_flex_module\"><div class=\"et_pb_heading_container\"><h1 class=\"et_pb_module_header\">El Vi<\/h1><\/div><\/div>\n\n<div class=\"et_pb_text_1 et_pb_text et_pb_bg_layout_light et_pb_module et_flex_module\"><div class=\"et_pb_text_inner\"><p data-start=\"405\" data-end=\"580\" style=\"text-align: justify;\">Sauvignon Blanc nascut al Pirineu, a Talarn, on l'amplitud t\u00e8rmica defineix el ritme de la maduraci\u00f3. Aqu\u00ed la varietat es desposseeix de l'exuber\u00e0ncia per trobar la precisi\u00f3. <\/p>\n<p data-start=\"582\" data-end=\"889\" style=\"text-align: justify;\">L'anyada 2024 es va treballar buscant tensi\u00f3 i textura: una part amb maceraci\u00f3 amb pells per aportar estructura i profunditat, i una altra vinificada sobre lias per afinar el volum en boca. La crian\u00e7a de 10 mesos en bota de roure franc\u00e8s no busca protagonisme, sin\u00f3 integrar i ordenar l'energia del vi. <\/p>\n<\/div><\/div>\n<\/div>\n<\/div>\n\n<div class=\"et_pb_row_4 et_pb_row et_pb_row_nested et_flex_row\">\n<div class=\"et_pb_column_4 et_pb_column et-last-child et_flex_column et_pb_css_mix_blend_mode_passthrough et_flex_column_24_24 et_flex_column_24_24_tablet et_flex_column_24_24_phone\">\n<div class=\"et_pb_heading_2 et_pb_heading et_pb_module et_flex_module\"><div class=\"et_pb_heading_container\"><h1 class=\"et_pb_module_header\">NOTA DE TAST<\/h1><\/div><\/div>\n\n<div class=\"et_pb_heading_3 et_pb_heading et_pb_module et_flex_module\"><div class=\"et_pb_heading_container\"><h1 class=\"et_pb_module_header\">Vista<\/h1><\/div><\/div>\n\n<div class=\"et_pb_text_2 et_pb_text et_pb_bg_layout_light et_pb_module et_flex_module\"><div class=\"et_pb_text_inner\"><p data-start=\"405\" data-end=\"580\" style=\"text-align: justify;\">Groc p\u00e0l\u00b7lid amb reflexos daurats, net i brillant, amb lleugera densitat en copa.<\/p>\n<\/div><\/div>\n\n<div class=\"et_pb_heading_4 et_pb_heading et_pb_module et_flex_module\"><div class=\"et_pb_heading_container\"><h1 class=\"et_pb_module_header\">Nas<\/h1><\/div><\/div>\n\n<div class=\"et_pb_text_3 et_pb_text et_pb_bg_layout_light et_pb_module et_flex_module\"><div class=\"et_pb_text_inner\"><p data-start=\"405\" data-end=\"580\" style=\"text-align: justify;\">Apareixen capes: fruita blanca madura, pell de c\u00edtric i notes herb\u00e0cies fines. La maceraci\u00f3 aporta un mat\u00eds lleugerament especiat i una sensaci\u00f3 de major profunditat. El pas per fusta es percep subtil, amb records de pa torrat i fruits secs molt integrats.  <\/p>\n<\/div><\/div>\n\n<div class=\"et_pb_heading_5 et_pb_heading et_pb_module et_flex_module\"><div class=\"et_pb_heading_container\"><h1 class=\"et_pb_module_header\">Boca<\/h1><\/div><\/div>\n\n<div class=\"et_pb_text_4 et_pb_text et_pb_bg_layout_light et_pb_module et_flex_module\"><div class=\"et_pb_text_inner\"><p data-start=\"405\" data-end=\"580\" style=\"text-align: justify;\">Entrada precisa, amb una acidesa que sost\u00e9 tot el recorregut. Hi ha volum, per\u00f2 contingut, treballat des de les lias. La textura envolta sense perdre tensi\u00f3. Final llarg, net, amb una persist\u00e8ncia salina i lleugerament amarga que convida a seguir.   <\/p>\n<\/div><\/div>\n<\/div>\n<\/div>\n<\/div>\n\n<div class=\"et_pb_column_5 et_pb_column et_flex_column et_pb_css_mix_blend_mode_passthrough et_flex_column_8_24 et_flex_column_8_24_tablet et_flex_column_24_24_phone\">\n<div class=\"et_pb_image_1 et_pb_image et_pb_module et_flex_module\"><span class=\"et_pb_image_wrap\"><img loading=\"lazy\" decoding=\"async\" src=\"https:\/\/animafresca.com\/wp-content\/uploads\/2026\/03\/SB_Altitud_2024-scaled.png\" title=\"SB_Altitud_2024\" width=\"807\" height=\"2560\" srcset=\"https:\/\/animafresca.com\/wp-content\/uploads\/2026\/03\/SB_Altitud_2024-scaled.png 807w, https:\/\/animafresca.com\/wp-content\/uploads\/2026\/03\/SB_Altitud_2024-480x1523.png 480w\" sizes=\"(min-width: 0px) and (max-width: 480px) 480px, (min-width: 481px) 807px, 100vw\" class=\"wp-image-581\" \/><\/span><\/div>\n<\/div>\n\n<div class=\"et_pb_column_6 et_pb_column et-last-child et_flex_column et_pb_css_mix_blend_mode_passthrough et_flex_column_8_24 et_flex_column_8_24_tablet et_flex_column_24_24_phone\">\n<div class=\"et_pb_heading_6 et_pb_heading et_pb_module et_flex_module\"><div class=\"et_pb_heading_container\"><h1 class=\"et_pb_module_header\">Edici\u00f3 \ud802\udd01<\/h1><\/div><\/div>\n\n<div class=\"et_pb_heading_7 et_pb_heading et_pb_module et_flex_module\"><div class=\"et_pb_heading_container\"><h1 class=\"et_pb_module_header\">500 ampolles 75 cl<\/h1><\/div><\/div>\n\n<div class=\"et_pb_text_5 et_pb_text et_pb_bg_layout_light et_pb_module et_flex_module\"><div class=\"et_pb_text_inner\" data-et-mv-hidden-phone=\"true\"><p data-start=\"223\" data-end=\"340\">\n<p data-start=\"223\" data-end=\"340\"><span style=\"text-decoration: underline;\"><a href=\"https:\/\/animafresca.com\/wp-content\/uploads\/2026\/04\/SauvignonBlanc_Altitud_2024_CAT_v.2.0.pdf\" title=\"Fitxa T\u00e8cnica Sauvignon Blanc Altitud 2024\">Descarregar Fitxa T\u00e8cnica<\/a><\/span><\/p>\n<\/div><\/div>\n\n\n\n<div class=\"et_pb_row_5 et_pb_row et_pb_row_nested et_flex_row\">\n<div class=\"et_pb_column_7 et_pb_column et-last-child et_flex_column et_pb_css_mix_blend_mode_passthrough et_flex_column_24_24 et_flex_column_24_24_tablet et_flex_column_24_24_phone\">\n<div class=\"et_pb_heading_8 et_pb_heading et_pb_module et_flex_module\"><div class=\"et_pb_heading_container\"><h1 class=\"et_pb_module_header\">MIRADA<\/h1><\/div><\/div>\n\n<div class=\"et_pb_heading_9 et_pb_heading et_pb_module et_flex_module\"><div class=\"et_pb_heading_container\"><h1 class=\"et_pb_module_header\">Persona<\/h1><\/div><\/div>\n\n<div class=\"et_pb_text_6 et_pb_text et_pb_bg_layout_light et_pb_module et_flex_module\"><div class=\"et_pb_text_inner\"><p data-start=\"223\" data-end=\"340\">Una mirada que ent\u00e9n el vi com un exercici de contenci\u00f3.<br data-start=\"287\" data-end=\"290\">No es busca amplificar la varietat, sin\u00f3 afinar-la.<\/p>\n<p data-start=\"342\" data-end=\"518\">El Sauvignon Blanc aqu\u00ed es treballa des de la precisi\u00f3, la verticalitat i la textura. Lluny de l'exuber\u00e0ncia, m\u00e9s a prop de l'essencial. Un vi que no s'imposa, per\u00f2 roman.  <\/p>\n<\/div><\/div>\n<\/div>\n<\/div>\n\n<div class=\"et_pb_row_6 et_pb_row et_pb_row_nested et_flex_row\">\n<div class=\"et_pb_column_8 et_pb_column et-last-child et_flex_column et_pb_css_mix_blend_mode_passthrough et_flex_column_24_24 et_flex_column_24_24_tablet et_flex_column_24_24_phone\">\n<div class=\"et_pb_heading_10 et_pb_heading et_pb_module et_flex_module\"><div class=\"et_pb_heading_container\"><h1 class=\"et_pb_module_header\">TERROIR<\/h1><\/div><\/div>\n\n<div class=\"et_pb_heading_11 et_pb_heading et_pb_module et_flex_module\"><div class=\"et_pb_heading_container\"><h1 class=\"et_pb_module_header\">Lloc<\/h1><\/div><\/div>\n\n<div class=\"et_pb_text_7 et_pb_text et_pb_bg_layout_light et_pb_module et_flex_module\"><div class=\"et_pb_text_inner\"><p data-start=\"405\" data-end=\"580\" style=\"text-align: justify;\">Pirineu, Talarn (Pallars Juss\u00e0). Vinya d'altura en un paisatge de clara influ\u00e8ncia pirinenca, on la maduraci\u00f3 avan\u00e7a a poc a poc i les nits refreden el pols del dia. L'amplitud t\u00e8rmica preserva l'acidesa, esmola el perfil arom\u00e0tic i permet una expressi\u00f3 m\u00e9s n\u00edtida i serena del fruit.  <\/p>\n<\/div><\/div>\n\n<div class=\"et_pb_heading_12 et_pb_heading et_pb_module et_flex_module\"><div class=\"et_pb_heading_container\"><h1 class=\"et_pb_module_header\">Clima<\/h1><\/div><\/div>\n\n<div class=\"et_pb_text_8 et_pb_text et_pb_bg_layout_light et_pb_module et_flex_module\"><div class=\"et_pb_text_inner\"><p data-start=\"405\" data-end=\"580\" style=\"text-align: justify;\">Continental, sec i llumin\u00f3s, amb fort contrast entre el dia i la nit. Aquesta oscil\u00b7laci\u00f3 t\u00e8rmica afavoreix la tensi\u00f3, la definici\u00f3 i el recorregut. <\/p>\n<\/div><\/div>\n\n<div class=\"et_pb_heading_13 et_pb_heading et_pb_module et_flex_module\"><div class=\"et_pb_heading_container\"><h1 class=\"et_pb_module_header\">S\u00f2l<\/h1><\/div><\/div>\n\n<div class=\"et_pb_text_9 et_pb_text et_pb_bg_layout_light et_pb_module et_flex_module\"><div class=\"et_pb_text_inner\"><p data-start=\"405\" data-end=\"580\" style=\"text-align: justify;\">Base calc\u00e0ria, drenatge natural i baixa fertilitat. Un s\u00f2l que limita l'exc\u00e9s, ordena el vigor i empeny la rel cap a la profunditat. <\/p>\n<\/div><\/div>\n\n<div class=\"et_pb_heading_14 et_pb_heading et_pb_module et_flex_module\"><div class=\"et_pb_heading_container\"><h1 class=\"et_pb_module_header\">Topografia<\/h1><\/div><\/div>\n\n<div class=\"et_pb_text_10 et_pb_text et_pb_bg_layout_light et_pb_module et_flex_module\"><div class=\"et_pb_text_inner\"><p data-start=\"405\" data-end=\"580\" style=\"text-align: justify;\">Altitud, pendent i exposici\u00f3 com a factors de precisi\u00f3. Aqu\u00ed el paisatge no acompanya el vi: el determina. <\/p>\n<\/div><\/div>\n\n<div class=\"et_pb_heading_15 et_pb_heading et_pb_module et_flex_module\"><div class=\"et_pb_heading_container\"><h1 class=\"et_pb_module_header\">Varietat<\/h1><\/div><\/div>\n\n<div class=\"et_pb_text_11 et_pb_text et_pb_bg_layout_light et_pb_module et_flex_module\"><div class=\"et_pb_text_inner\"><p data-start=\"405\" data-end=\"580\" style=\"text-align: justify;\">Sauvignon Blanc interpretat des d'un registre menys exuberant i m\u00e9s estructural, on la frescor no \u00e9s nom\u00e9s aroma, sin\u00f3 forma.<\/p>\n<\/div><\/div>\n\n<div class=\"et_pb_heading_16 et_pb_heading et_pb_module et_flex_module\"><div class=\"et_pb_heading_container\"><h1 class=\"et_pb_module_header\">Entorn natural<\/h1><\/div><\/div>\n\n<div class=\"et_pb_text_12 et_pb_text et_pb_bg_layout_light et_pb_module et_flex_module\"><div class=\"et_pb_text_inner\"><p data-start=\"405\" data-end=\"580\" style=\"text-align: justify;\">Bosc, pedra, aire sec i muntanya. Un ecosistema que envolta la vinya i deixa en el vi una sensaci\u00f3 de frescor, austeritat i pols mineral. <\/p>\n<\/div><\/div>\n<\/div>\n<\/div>\n\n<div class=\"et_pb_row_7 et_pb_row et_pb_row_nested et_flex_row\">\n<div class=\"et_pb_column_9 et_pb_column et-last-child et_flex_column et_pb_css_mix_blend_mode_passthrough et_flex_column_24_24 et_flex_column_24_24_tablet et_flex_column_24_24_phone\">\n<div class=\"et_pb_heading_17 et_pb_heading et_pb_module et_flex_module\"><div class=\"et_pb_heading_container\"><h1 class=\"et_pb_module_header\">OFICI<\/h1><\/div><\/div>\n\n<div class=\"et_pb_heading_18 et_pb_heading et_pb_module et_flex_module\"><div class=\"et_pb_heading_container\"><h1 class=\"et_pb_module_header\">M\u00e8tode<\/h1><\/div><\/div>\n\n<div class=\"et_pb_text_13 et_pb_text et_pb_bg_layout_light et_pb_module et_flex_module\"><div class=\"et_pb_text_inner\"><p data-start=\"2640\" data-end=\"2914\">L'elaboraci\u00f3 parteix d'una idea d'assemblatge entre dues lectures de la varietat.<br data-start=\"2721\" data-end=\"2724\">Una part treballa amb maceraci\u00f3 amb pells, aportant relleu, mat\u00e8ria i una lleugera dimensi\u00f3 fen\u00f2lica. Una altra part es cria amb lias, buscant volum, cohesi\u00f3 i una textura m\u00e9s envolupant. <\/p>\n<p data-start=\"2916\" data-end=\"3084\">La crian\u00e7a durant 10 mesos en bota de roure franc\u00e8s no pret\u00e9n marcar el vi, sin\u00f3 ordenar la seva energia, sostenir l'estructura i acompanyar l'allargament de boca.<\/p>\n<p data-start=\"3086\" data-end=\"3218\">El resultat no busca el Sauvignon Blanc m\u00e9s arom\u00e0tic, sin\u00f3 un de m\u00e9s complet: fresc, s\u00ed, per\u00f2 tamb\u00e9 t\u00e0ctil, seri\u00f3s i persistent.<\/p>\n<\/div><\/div>\n<\/div>\n<\/div>\n<\/div>\n<\/div>\n<\/div>\n\n<div class=\"et_pb_section_3 et_pb_section et_section_regular et_flex_section\">\n<div class=\"et_pb_row_8 et_pb_row et_flex_row\">\n<div class=\"et_pb_column_10 et_pb_column et-last-child et_flex_column et_pb_css_mix_blend_mode_passthrough et_flex_column_24_24 et_flex_column_24_24_tablet et_flex_column_24_24_phone\">\n<div class=\"et_pb_module et_pb_button_module_wrapper et_pb_button_0_wrapper\"><a class=\"et_pb_button_0 et_pb_button et_pb_bg_layout_light et_pb_module et_flex_module\" href=\"https:\/\/animafresca.com\/ca\/adquirir\/\">Adquireixi Sauvignon Blanc | Altitud | 2024<\/a><\/div>\n<\/div>\n<\/div>\n<\/div>","protected":false},"excerpt":{"rendered":"<p>Un Sauvignon Blanc d&#8217;altura que parla en veu baixa. Nas n\u00edtid, fruita definida, acidesa precisa i un final llarg, mineral i net. Subtilitat i nervi en equilibri.  <\/p>\n<p><a href=\"https:\/\/craftwine.nl\/2021\/07\/07\/terroir-matters\/\">Descarregar Fitxa T\u00e8cnica<\/a><\/p>\n<h2>Nota de tast<\/h2>\n<p>Nas net i contingut, amb c\u00edtric fresc, flor blanca i herba acabada de tallar. Apareix un mat\u00eds sal\u00ed que no crida, sost\u00e9. <\/p>\n<p>En boca entra recte, amb nervi, textura fina i un pas sec, definit. La crian\u00e7a acompanya sense marcar, aporta calma i longitud. Final llarg, mineral, amb una frescor que perdura.  <\/p>\n","protected":false},"featured_media":493,"template":"","meta":[],"product_brand":[],"product_cat":[32],"product_tag":[],"class_list":{"0":"post-718","1":"product","2":"type-product","3":"status-publish","4":"has-post-thumbnail","6":"product_cat-vins","8":"first","9":"instock","10":"taxable","11":"shipping-taxable","12":"purchasable","13":"product-type-simple"},"_links":{"self":[{"href":"https:\/\/animafresca.com\/ca\/wp-json\/wp\/v2\/product\/718","targetHints":{"allow":["GET"]}}],"collection":[{"href":"https:\/\/animafresca.com\/ca\/wp-json\/wp\/v2\/product"}],"about":[{"href":"https:\/\/animafresca.com\/ca\/wp-json\/wp\/v2\/types\/product"}],"wp:featuredmedia":[{"embeddable":true,"href":"https:\/\/animafresca.com\/ca\/wp-json\/wp\/v2\/media\/493"}],"wp:attachment":[{"href":"https:\/\/animafresca.com\/ca\/wp-json\/wp\/v2\/media?parent=718"}],"wp:term":[{"taxonomy":"product_brand","embeddable":true,"href":"https:\/\/animafresca.com\/ca\/wp-json\/wp\/v2\/product_brand?post=718"},{"taxonomy":"product_cat","embeddable":true,"href":"https:\/\/animafresca.com\/ca\/wp-json\/wp\/v2\/product_cat?post=718"},{"taxonomy":"product_tag","embeddable":true,"href":"https:\/\/animafresca.com\/ca\/wp-json\/wp\/v2\/product_tag?post=718"}],"curies":[{"name":"wp","href":"https:\/\/api.w.org\/{rel}","templated":true}]}}