{"id":701,"date":"2026-03-16T22:37:56","date_gmt":"2026-03-16T21:37:56","guid":{"rendered":"https:\/\/animafresca.com\/avis-legal\/"},"modified":"2026-03-29T17:52:44","modified_gmt":"2026-03-29T16:52:44","slug":"avis-legal","status":"publish","type":"page","link":"https:\/\/animafresca.com\/ca\/avis-legal\/","title":{"rendered":"Av\u00eds Legal"},"content":{"rendered":"<div class=\"et_pb_section_0 et_pb_section et_section_regular et_block_section et_pb_section_parallax\"><span class=\"et-pb-parallax-wrapper\"><span class=\"et-pb-parallax-background et-pb-parallax-background-module--divi-section-0\" style=\"background-image:url(https:\/\/animafresca.com\/wp-content\/uploads\/2026\/03\/personal-stylist-45-scaled.png)\"><\/span><\/span>\n<div class=\"et_pb_row_0 et_pb_row et_flex_row\">\n<div class=\"et_pb_column_0 et_pb_column et-last-child et_flex_column et_pb_css_mix_blend_mode_passthrough et_flex_column_24_24 et_flex_column_24_24_tablet et_flex_column_24_24_phone\">\n<div class=\"et_pb_heading_0 et_pb_heading et_pb_module et_flex_module\"><div class=\"et_pb_heading_container\"><h1 class=\"et_pb_module_header\">Av\u00eds Legal<\/h1><\/div><\/div>\n\n<div class=\"et_pb_text_0 et_pb_text et_pb_bg_layout_light et_pb_module et_flex_module\"><div class=\"et_pb_text_inner\"><p data-start=\"356\" data-end=\"587\" style=\"text-align: justify;\">En compliment del deure d'informaci\u00f3 recollit en l'article 10 de la Llei 34\/2002, d'11 de juliol, de <strong data-start=\"465\" data-end=\"548\">Serveis de la Societat de la Informaci\u00f3 i del Comer\u00e7 Electr\u00f2nic (LSSI-CE)<\/strong>, es facilita la informaci\u00f3 seg\u00fcent:<\/p>\n<h3 data-start=\"589\" data-end=\"614\" style=\"text-align: justify;\">Titular del lloc web<\/h3>\n<p data-start=\"615\" data-end=\"833\" style=\"text-align: justify;\"><strong data-start=\"615\" data-end=\"639\">Denominaci\u00f3 social:<\/strong> Vesunai SL<br data-start=\"650\" data-end=\"653\"><strong data-start=\"653\" data-end=\"661\">NIF:<\/strong> B21909205<br data-start=\"671\" data-end=\"674\"><strong data-start=\"674\" data-end=\"695\">Domicili social:<\/strong> C\/ Ausias March, 40, 08840 Viladecans, Barcelona, Espanya<br data-start=\"752\" data-end=\"755\"><strong data-start=\"755\" data-end=\"778\">Correu electr\u00f2nic:<\/strong> <a data-start=\"779\" data-end=\"797\" class=\"cursor-pointer\" rel=\"noopener\">info@animafresca.com<\/a><br data-start=\"797\" data-end=\"800\"><strong data-start=\"800\" data-end=\"821\">Nom comercial:<\/strong> Anima Fresca<\/p>\n<h3 data-start=\"835\" data-end=\"845\" style=\"text-align: justify;\">Objecte<\/h3>\n<p data-start=\"846\" data-end=\"1071\" style=\"text-align: justify;\">El present lloc web t\u00e9 per objecte oferir informaci\u00f3 sobre els productes i serveis relacionats amb la marca Vieternum, aix\u00ed com facilitar la venda en l\u00ednia d'aquests productes en cas de disposar de botiga electr\u00f2nica.<\/p>\n<h3 data-start=\"1073\" data-end=\"1094\" style=\"text-align: justify;\">\u00das del lloc web<\/h3>\n<p data-start=\"1095\" data-end=\"1396\" style=\"text-align: justify;\">L'acc\u00e9s i\/o \u00fas d'aquest portal atribueix la condici\u00f3 d'<strong data-start=\"1153\" data-end=\"1164\">Usuari<\/strong>, que accepta, des d'aquest acc\u00e9s i\/o \u00fas, les condicions d'\u00fas aqu\u00ed reflectides. Les esmentades condicions s'aplicaran independentment de les condicions generals de contractaci\u00f3 que, si escau, resultin d'obligat compliment. <\/p>\n<h3 data-start=\"1398\" data-end=\"1436\" style=\"text-align: justify;\">Propietat intel\u00b7lectual i industrial<\/h3>\n<p data-start=\"1437\" data-end=\"1804\" style=\"text-align: justify;\">Tots els continguts del lloc web, incloent-hi textos, imatges, gr\u00e0fics, logotips, icones, programari, noms comercials, marques o signes distintius, i el seu disseny gr\u00e0fic, s\u00f3n propietat de Vesunai SL o, si escau, de tercers amb els quals s'hagi arribat a un acord, i estan protegits per la legislaci\u00f3 vigent en mat\u00e8ria de propietat intel\u00b7lectual i industrial.<\/p>\n<p data-start=\"1806\" data-end=\"1948\" style=\"text-align: justify;\">Queda expressament prohibida la reproducci\u00f3, distribuci\u00f3 o comunicaci\u00f3 p\u00fablica, total o parcial, sense l'autoritzaci\u00f3 expressa de Vesunai SL.<\/p>\n<h3 data-start=\"1950\" data-end=\"1969\" style=\"text-align: justify;\">Responsabilitat<\/h3>\n<p data-start=\"1970\" data-end=\"2186\" style=\"text-align: justify;\">Vesunai SL no es fa responsable dels errors o omissions en els continguts del lloc web ni dels danys derivats del seu \u00fas, ni per l'actuaci\u00f3 de tercers que infringeixin els sistemes de seguretat del lloc web.<\/p>\n<h3 data-start=\"2188\" data-end=\"2213\" style=\"text-align: justify;\">Legislaci\u00f3 aplicable<\/h3>\n<p data-start=\"2214\" data-end=\"2444\" style=\"text-align: justify;\">La relaci\u00f3 entre Vesunai SL i l'Usuari es regir\u00e0 per la normativa espanyola vigent i qualsevol controv\u00e8rsia se sotmetr\u00e0 als Jutjats i Tribunals de la ciutat de Barcelona, llevat que la normativa aplicable disposi una altra cosa.<\/p>\n<p>&nbsp;<\/p>\n<\/div><\/div>\n<\/div>\n<\/div>\n<\/div>","protected":false},"excerpt":{"rendered":"","protected":false},"author":1,"featured_media":0,"parent":0,"menu_order":0,"comment_status":"closed","ping_status":"closed","template":"","meta":{"footnotes":""},"class_list":["post-701","page","type-page","status-publish","hentry"],"_links":{"self":[{"href":"https:\/\/animafresca.com\/ca\/wp-json\/wp\/v2\/pages\/701","targetHints":{"allow":["GET"]}}],"collection":[{"href":"https:\/\/animafresca.com\/ca\/wp-json\/wp\/v2\/pages"}],"about":[{"href":"https:\/\/animafresca.com\/ca\/wp-json\/wp\/v2\/types\/page"}],"author":[{"embeddable":true,"href":"https:\/\/animafresca.com\/ca\/wp-json\/wp\/v2\/users\/1"}],"replies":[{"embeddable":true,"href":"https:\/\/animafresca.com\/ca\/wp-json\/wp\/v2\/comments?post=701"}],"version-history":[{"count":2,"href":"https:\/\/animafresca.com\/ca\/wp-json\/wp\/v2\/pages\/701\/revisions"}],"predecessor-version":[{"id":704,"href":"https:\/\/animafresca.com\/ca\/wp-json\/wp\/v2\/pages\/701\/revisions\/704"}],"wp:attachment":[{"href":"https:\/\/animafresca.com\/ca\/wp-json\/wp\/v2\/media?parent=701"}],"curies":[{"name":"wp","href":"https:\/\/api.w.org\/{rel}","templated":true}]}}