{"id":680,"date":"2026-03-16T22:42:22","date_gmt":"2026-03-16T21:42:22","guid":{"rendered":"https:\/\/animafresca.com\/politica-de-privadesa-i-cookies\/"},"modified":"2026-03-29T17:49:09","modified_gmt":"2026-03-29T16:49:09","slug":"politica-de-privadesa-i-cookies","status":"publish","type":"page","link":"https:\/\/animafresca.com\/ca\/politica-de-privadesa-i-cookies\/","title":{"rendered":"Pol\u00edtica de Privadesa i Cookies"},"content":{"rendered":"<div class=\"et_pb_section_0 et_pb_section et_section_regular et_block_section et_pb_section_parallax\"><span class=\"et-pb-parallax-wrapper\"><span class=\"et-pb-parallax-background et-pb-parallax-background-module--divi-section-0\" style=\"background-image:url(https:\/\/animafresca.com\/wp-content\/uploads\/2026\/03\/personal-stylist-45-scaled.png)\"><\/span><\/span>\n<div class=\"et_pb_row_0 et_pb_row et_flex_row\">\n<div class=\"et_pb_column_0 et_pb_column et-last-child et_flex_column et_pb_css_mix_blend_mode_passthrough et_flex_column_24_24 et_flex_column_24_24_tablet et_flex_column_24_24_phone\">\n<div class=\"et_pb_heading_0 et_pb_heading et_pb_module et_flex_module\"><div class=\"et_pb_heading_container\"><h1 class=\"et_pb_module_header\">Pol\u00edtica de Privadesa<\/h1><\/div><\/div>\n\n<div class=\"et_pb_text_0 et_pb_text et_pb_bg_layout_light et_pb_module et_flex_module\"><div class=\"et_pb_text_inner\"><h3 data-start=\"145\" data-end=\"179\" style=\"text-align: justify;\">1. Responsable del tractament<\/h3>\n<p data-start=\"180\" data-end=\"347\" style=\"text-align: justify;\"><strong data-start=\"180\" data-end=\"196\">Responsable:<\/strong> Vesunai SL<br data-start=\"207\" data-end=\"210\"><strong data-start=\"210\" data-end=\"218\">CIF:<\/strong> B21909205<br data-start=\"228\" data-end=\"231\"><strong data-start=\"231\" data-end=\"245\">Domicili:<\/strong> C\/ Ausias March, 40, 08840 Viladecans, Barcelona, Espanya<br data-start=\"302\" data-end=\"305\"><strong data-start=\"305\" data-end=\"328\">Correu electr\u00f2nic:<\/strong> <a data-start=\"329\" data-end=\"347\" class=\"cursor-pointer\" rel=\"noopener\">info@animafresca.com<\/a><\/p>\n<hr data-start=\"349\" data-end=\"352\">\n<h3 data-start=\"354\" data-end=\"386\" style=\"text-align: justify;\">2. Finalitat del tractament<\/h3>\n<p data-start=\"387\" data-end=\"460\" style=\"text-align: justify;\">Recollim i tractem les vostres dades personals amb les seg\u00fcents finalitats:<\/p>\n<ul data-start=\"461\" data-end=\"676\" style=\"text-align: justify;\">\n<li data-start=\"461\" data-end=\"515\">\n<p data-start=\"463\" data-end=\"515\">Gestionar la compra de productes i l'enviament de comandes.<\/p>\n<\/li>\n<li data-start=\"516\" data-end=\"580\">\n<p data-start=\"518\" data-end=\"580\">Atendre consultes, reclamacions o sol\u00b7licituds d'informaci\u00f3.<\/p>\n<\/li>\n<li data-start=\"581\" data-end=\"644\">\n<p data-start=\"583\" data-end=\"644\">Enviar comunicacions comercials (si doneu el vostre consentiment).<\/p>\n<\/li>\n<li data-start=\"645\" data-end=\"676\">\n<p data-start=\"647\" data-end=\"676\">Complir obligacions legals.<\/p>\n<\/li>\n<\/ul>\n<hr data-start=\"678\" data-end=\"681\">\n<h3 data-start=\"683\" data-end=\"716\" style=\"text-align: justify;\">3. Base legal del tractament<\/h3>\n<p data-start=\"717\" data-end=\"756\" style=\"text-align: justify;\">El tractament de les vostres dades es basa en:<\/p>\n<ul data-start=\"757\" data-end=\"960\" style=\"text-align: justify;\">\n<li data-start=\"757\" data-end=\"810\">\n<p data-start=\"759\" data-end=\"810\">L'<strong data-start=\"762\" data-end=\"790\">execuci\u00f3 d'un contracte<\/strong> (compra al web).<\/p>\n<\/li>\n<li data-start=\"811\" data-end=\"883\">\n<p data-start=\"813\" data-end=\"883\">El vostre <strong data-start=\"816\" data-end=\"842\">consentiment expr\u00e9s<\/strong> per rebre comunicacions comercials.<\/p>\n<\/li>\n<li data-start=\"884\" data-end=\"960\">\n<p data-start=\"886\" data-end=\"960\">El compliment d'<strong data-start=\"905\" data-end=\"929\">obligacions legals<\/strong> (facturaci\u00f3, fiscals, etc.).<\/p>\n<\/li>\n<\/ul>\n<hr data-start=\"962\" data-end=\"965\">\n<h3 data-start=\"967\" data-end=\"999\" style=\"text-align: justify;\">4. Conservaci\u00f3 de les dades<\/h3>\n<p data-start=\"1000\" data-end=\"1157\" style=\"text-align: justify;\">Les dades es conservaran mentre hi hagi una relaci\u00f3 comercial, i posteriorment durant el termini legal necessari (per exemple, 6 anys per a dades fiscals).<\/p>\n<hr data-start=\"1159\" data-end=\"1162\">\n<h3 data-start=\"1164\" data-end=\"1184\" style=\"text-align: justify;\">5. Destinataris<\/h3>\n<p data-start=\"1185\" data-end=\"1343\" style=\"text-align: justify;\">Les vostres dades <strong data-start=\"1195\" data-end=\"1223\">no se cediran a tercers<\/strong>, excepte obligaci\u00f3 legal o quan sigui necessari per a la prestaci\u00f3 d'un servei (per exemple, empreses de missatgeria).<\/p>\n<hr data-start=\"1345\" data-end=\"1348\">\n<h3 data-start=\"1350\" data-end=\"1377\" style=\"text-align: justify;\">6. Drets de l'usuari<\/h3>\n<p data-start=\"1378\" data-end=\"1438\" style=\"text-align: justify;\">Podeu exercir els seg\u00fcents drets en qualsevol moment:<\/p>\n<ul data-start=\"1439\" data-end=\"1610\" style=\"text-align: justify;\">\n<li data-start=\"1439\" data-end=\"1472\">\n<p data-start=\"1441\" data-end=\"1472\">Accedir a les vostres dades personals.<\/p>\n<\/li>\n<li data-start=\"1473\" data-end=\"1508\">\n<p data-start=\"1475\" data-end=\"1508\">Rectificar-les si s\u00f3n incorrectes.<\/p>\n<\/li>\n<li data-start=\"1509\" data-end=\"1534\">\n<p data-start=\"1511\" data-end=\"1534\">Sol\u00b7licitar-ne la supressi\u00f3.<\/p>\n<\/li>\n<li data-start=\"1535\" data-end=\"1573\">\n<p data-start=\"1537\" data-end=\"1573\">Limitar-ne o oposar-vos al tractament.<\/p>\n<\/li>\n<li data-start=\"1574\" data-end=\"1610\">\n<p data-start=\"1576\" data-end=\"1610\">Portar les vostres dades a un altre prove\u00efdor.<\/p>\n<\/li>\n<\/ul>\n<p data-start=\"1612\" data-end=\"1687\" style=\"text-align: justify;\">Per exercir els vostres drets, contacteu amb nosaltres a: <strong data-start=\"1665\" data-end=\"1687\"><a data-start=\"1667\" data-end=\"1685\" class=\"cursor-pointer\" rel=\"noopener\">info@animafresca.com<\/a><\/strong><\/p>\n<p data-start=\"1689\" data-end=\"1813\" style=\"text-align: justify;\">Tamb\u00e9 podeu presentar una reclamaci\u00f3 davant l'Ag\u00e8ncia Espanyola de Protecci\u00f3 de Dades: <a data-start=\"1779\" data-end=\"1813\" class=\"cursor-pointer\" rel=\"noopener\" target=\"_new\">www.aepd.es<\/a><\/p>\n<p style=\"text-align: justify;\">\n<\/div><\/div>\n<\/div>\n<\/div>\n\n<div class=\"et_pb_row_1 et_pb_row et_flex_row\">\n<div class=\"et_pb_column_1 et_pb_column et-last-child et_flex_column et_pb_css_mix_blend_mode_passthrough et_flex_column_24_24 et_flex_column_24_24_tablet et_flex_column_24_24_phone\">\n<div class=\"et_pb_heading_1 et_pb_heading et_pb_module et_flex_module\"><div class=\"et_pb_heading_container\"><h1 class=\"et_pb_module_header\">Pol\u00edtica de Cookies<\/h1><\/div><\/div>\n\n<div class=\"et_pb_text_1 et_pb_text et_pb_bg_layout_light et_pb_module et_flex_module\"><div class=\"et_pb_text_inner\"><p data-start=\"1847\" data-end=\"1940\" style=\"text-align: justify;\">Aquest lloc web utilitza cookies per millorar l'experi\u00e8ncia de l'usuari i analitzar el tr\u00e0nsit.<\/p>\n<h3 data-start=\"1942\" data-end=\"1967\" style=\"text-align: justify;\">Qu\u00e8 s\u00f3n les cookies?<\/h3>\n<p data-start=\"1968\" data-end=\"2131\" style=\"text-align: justify;\">Una cookie \u00e9s un petit fitxer que es descarrega al vostre dispositiu en accedir a certes p\u00e0gines web. Permet emmagatzemar i recuperar informaci\u00f3 sobre la navegaci\u00f3. <\/p>\n<hr data-start=\"2133\" data-end=\"2136\">\n<h3 data-start=\"2138\" data-end=\"2169\" style=\"text-align: justify;\">Tipus de cookies que utilitzem<\/h3>\n<ul data-start=\"2171\" data-end=\"2403\" style=\"text-align: justify;\">\n<li data-start=\"2171\" data-end=\"2243\">\n<p data-start=\"2173\" data-end=\"2243\"><strong data-start=\"2173\" data-end=\"2193\">Cookies t\u00e8cniques<\/strong>: necess\u00e0ries per al funcionament del lloc web.<\/p>\n<\/li>\n<li data-start=\"2244\" data-end=\"2324\">\n<p data-start=\"2246\" data-end=\"2324\"><strong data-start=\"2246\" data-end=\"2269\">Cookies d'an\u00e0lisi<\/strong>: per con\u00e8ixer com els usuaris interactuen al web.<\/p>\n<\/li>\n<li data-start=\"2325\" data-end=\"2403\">\n<p data-start=\"2327\" data-end=\"2403\"><strong data-start=\"2327\" data-end=\"2350\">Cookies de tercers<\/strong>: per exemple, Google Analytics, xarxes socials, etc.<\/p>\n<\/li>\n<\/ul>\n<hr data-start=\"2405\" data-end=\"2408\">\n<h3 data-start=\"2410\" data-end=\"2454\" style=\"text-align: justify;\">Com configurar o desactivar les cookies<\/h3>\n<p data-start=\"2455\" data-end=\"2541\" style=\"text-align: justify;\">Podeu configurar, bloquejar o eliminar les cookies des de les opcions del vostre navegador:<\/p>\n<ul data-start=\"2543\" data-end=\"2900\" style=\"text-align: justify;\">\n<li data-start=\"2543\" data-end=\"2631\">\n<p data-start=\"2545\" data-end=\"2631\"><strong data-start=\"2545\" data-end=\"2555\">Chrome<\/strong>: <a data-start=\"2557\" data-end=\"2631\" class=\"cursor-pointer\" rel=\"noopener\" target=\"_new\">Configuraci\u00f3 de cookies<\/a><\/p>\n<\/li>\n<li data-start=\"2632\" data-end=\"2728\">\n<p data-start=\"2634\" data-end=\"2728\"><strong data-start=\"2634\" data-end=\"2645\">Firefox<\/strong>: <a data-start=\"2647\" data-end=\"2728\" class=\"cursor-pointer\" rel=\"noopener\" target=\"_new\">Configuraci\u00f3 de cookies<\/a><\/p>\n<\/li>\n<li data-start=\"2729\" data-end=\"2811\">\n<p data-start=\"2731\" data-end=\"2811\"><strong data-start=\"2731\" data-end=\"2741\">Safari<\/strong>: <a data-start=\"2743\" data-end=\"2811\" class=\"cursor-pointer\" rel=\"noopener\" target=\"_new\">Configuraci\u00f3 de cookies<\/a><\/p>\n<\/li>\n<li data-start=\"2812\" data-end=\"2900\">\n<p data-start=\"2814\" data-end=\"2900\"><strong data-start=\"2814\" data-end=\"2822\">Edge<\/strong>: <a data-start=\"2824\" data-end=\"2900\" class=\"cursor-pointer\" rel=\"noopener\" target=\"_new\">Configuraci\u00f3 de cookies<\/a><\/p>\n<\/li>\n<\/ul>\n<p data-start=\"2902\" data-end=\"3013\" style=\"text-align: justify;\">En continuar navegant en aquest web, s'ent\u00e9n que accepteu l'\u00fas de cookies, llevat que les h\u00e0giu desactivat.<\/p>\n<\/div><\/div>\n<\/div>\n<\/div>\n<\/div>","protected":false},"excerpt":{"rendered":"","protected":false},"author":1,"featured_media":0,"parent":0,"menu_order":0,"comment_status":"closed","ping_status":"closed","template":"","meta":{"footnotes":""},"class_list":["post-680","page","type-page","status-publish","hentry"],"_links":{"self":[{"href":"https:\/\/animafresca.com\/ca\/wp-json\/wp\/v2\/pages\/680","targetHints":{"allow":["GET"]}}],"collection":[{"href":"https:\/\/animafresca.com\/ca\/wp-json\/wp\/v2\/pages"}],"about":[{"href":"https:\/\/animafresca.com\/ca\/wp-json\/wp\/v2\/types\/page"}],"author":[{"embeddable":true,"href":"https:\/\/animafresca.com\/ca\/wp-json\/wp\/v2\/users\/1"}],"replies":[{"embeddable":true,"href":"https:\/\/animafresca.com\/ca\/wp-json\/wp\/v2\/comments?post=680"}],"version-history":[{"count":2,"href":"https:\/\/animafresca.com\/ca\/wp-json\/wp\/v2\/pages\/680\/revisions"}],"predecessor-version":[{"id":682,"href":"https:\/\/animafresca.com\/ca\/wp-json\/wp\/v2\/pages\/680\/revisions\/682"}],"wp:attachment":[{"href":"https:\/\/animafresca.com\/ca\/wp-json\/wp\/v2\/media?parent=680"}],"curies":[{"name":"wp","href":"https:\/\/api.w.org\/{rel}","templated":true}]}}