{"id":645,"date":"2026-01-28T23:25:31","date_gmt":"2026-01-28T22:25:31","guid":{"rendered":"https:\/\/animafresca.com\/identitat\/"},"modified":"2026-03-29T17:08:22","modified_gmt":"2026-03-29T16:08:22","slug":"identitat","status":"publish","type":"page","link":"https:\/\/animafresca.com\/ca\/identitat\/","title":{"rendered":"Identitat"},"content":{"rendered":"<div class=\"et_pb_section_0 et_pb_section et_section_regular et_block_section\">\n<div class=\"et_pb_row_0 et_pb_row et_flex_row\">\n<div class=\"et_pb_column_0 et_pb_column et_flex_column et_pb_css_mix_blend_mode_passthrough et_flex_column_3_5 et_flex_column_3_5_tablet et_flex_column_24_24_phone\">\n<div class=\"et_pb_image_0 et_pb_image et_pb_module et_block_module\"><span class=\"et_pb_image_wrap\"><img loading=\"lazy\" decoding=\"async\" src=\"https:\/\/animafresca.com\/wp-content\/uploads\/2026\/03\/26160143-scaled.jpg\" title=\"26160143\" width=\"2560\" height=\"1706\" srcset=\"https:\/\/animafresca.com\/wp-content\/uploads\/2026\/03\/26160143-scaled.jpg 2560w, https:\/\/animafresca.com\/wp-content\/uploads\/2026\/03\/26160143-1280x853.jpg 1280w, https:\/\/animafresca.com\/wp-content\/uploads\/2026\/03\/26160143-980x653.jpg 980w, https:\/\/animafresca.com\/wp-content\/uploads\/2026\/03\/26160143-480x320.jpg 480w\" sizes=\"(min-width: 0px) and (max-width: 480px) 480px, (min-width: 481px) and (max-width: 980px) 980px, (min-width: 981px) and (max-width: 1280px) 1280px, (min-width: 1281px) 2560px, 100vw\" class=\"wp-image-538\" \/><\/span><\/div>\n<\/div>\n\n<div class=\"et_pb_column_1 et_pb_column et-last-child et_flex_column et_pb_css_mix_blend_mode_passthrough et_flex_column_2_5 et_flex_column_2_5_tablet et_flex_column_24_24_phone\">\n<div class=\"et_pb_heading_0 et_pb_heading et_pb_module et_block_module preset--module--divi-heading--e62301de-5a4b-44b1-8f9e-d5550cb64124\"><div class=\"et_pb_heading_container\"><h4 class=\"et_pb_module_header\">LLIURES PER TRIAR<\/h4><\/div><\/div>\n\n<div class=\"et_pb_heading_1 et_pb_heading et_pb_module et_block_module preset--module--divi-heading--e62301de-5a4b-44b1-8f9e-d5550cb64124\"><div class=\"et_pb_heading_container\"><h3 class=\"et_pb_module_header\">Outsiders, per elecci\u00f3<\/h3><\/div><\/div>\n\n<div class=\"et_pb_text_0 et_pb_text et_pb_bg_layout_light et_pb_module et_block_module preset--module--divi-text--b78e4556-d299-469f-b739-eee1e68d99d3\"><div class=\"et_pb_text_inner\"><div class=\"et_pb_module et_pb_text et_pb_text_1 et_pb_text_align_left et_pb_bg_layout_light\">\n<div class=\"et_pb_text_inner\">Som un equip fora del gui\u00f3 habitual, unit per la passi\u00f3 d'oferir un estil de vi subtil i amb nervi.<\/div>\n<div class=\"et_pb_text_inner\">No seguim in\u00e8rcies.<\/div>\n<div class=\"et_pb_text_inner\">Triem.<\/div>\n<div class=\"et_pb_text_inner\">Confiem en persones amb m\u00e8tode per reinterpretar terroirs amb precisi\u00f3.<\/div>\n<div class=\"et_pb_text_inner\">Menys gest. M\u00e9s veritat.<\/div>\n<\/div>\n<\/div><\/div>\n<\/div>\n<\/div>\n<\/div>\n\n<div class=\"et_pb_section_1 et_pb_section et_section_regular et_block_section\">\n<div class=\"et_pb_row_1 et_pb_row et_block_row\">\n<div class=\"et_pb_column_2 et_pb_column et_pb_column_4_4 et-last-child et_block_column et_pb_css_mix_blend_mode_passthrough\">\n<div class=\"et_pb_heading_2 et_pb_heading et_pb_module et_block_module preset--module--divi-heading--3ad7900f-6032-4bbc-a4f6-b1845f0e07fc\"><div class=\"et_pb_heading_container\"><h1 class=\"et_pb_module_header\">La nostra Ess\u00e8ncia<\/h1><\/div><\/div>\n<\/div>\n<\/div>\n\n<div class=\"et_pb_row_2 et_pb_row et_block_row\">\n<div class=\"et_pb_column_3 et_pb_column et_pb_column_1_2 et_block_column et_pb_css_mix_blend_mode_passthrough\">\n<div class=\"et_pb_blurb_0 et_pb_blurb et_pb_bg_layout_light et_pb_blurb_position_left et_pb_module et_block_module preset--module--divi-blurb--23cb966c-3212-41e8-bcea-6490a13b6e25\"><div class=\"et_pb_blurb_content\"><div class=\"et_pb_blurb_container\"><h4 class=\"et_pb_module_header\">Persones<\/h4><div class=\"et_pb_blurb_description\"><p>Mirades amb m\u00e8tode, experi\u00e8ncia i sensibilitat<\/p>\n<\/div><\/div><\/div><\/div>\n<\/div>\n\n<div class=\"et_pb_column_4 et_pb_column et_pb_column_1_2 et-last-child et_block_column et_pb_css_mix_blend_mode_passthrough\">\n<div class=\"et_pb_blurb_1 et_pb_blurb et_pb_bg_layout_light et_pb_blurb_position_left et_pb_module et_block_module preset--module--divi-blurb--23cb966c-3212-41e8-bcea-6490a13b6e25\"><div class=\"et_pb_blurb_content\"><div class=\"et_pb_blurb_container\"><h4 class=\"et_pb_module_header\">Terroirs<\/h4><div class=\"et_pb_blurb_description\"><p>Llocs singulars amb tensi\u00f3 natural<\/p>\n<\/div><\/div><\/div><\/div>\n<\/div>\n<\/div>\n<\/div>\n\n<div class=\"et_pb_section_2 et_pb_section et_section_regular et_block_section\">\n<div class=\"et_pb_row_3 et_pb_row et_block_row\">\n<div class=\"et_pb_column_5 et_pb_column et_pb_column_4_4 et-last-child et_block_column et_pb_css_mix_blend_mode_passthrough\">\n<div class=\"et_pb_heading_3 et_pb_heading et_pb_module et_block_module preset--module--divi-heading--3ad7900f-6032-4bbc-a4f6-b1845f0e07fc\"><div class=\"et_pb_heading_container\"><h1 class=\"et_pb_module_header\">Els nostres Pilars<\/h1><\/div><\/div>\n<\/div>\n<\/div>\n\n<div class=\"et_pb_row_4 et_pb_row et_block_row\">\n<div class=\"et_pb_column_6 et_pb_column et_pb_column_1_2 et_block_column et_pb_css_mix_blend_mode_passthrough\">\n<div class=\"et_pb_blurb_2 et_pb_blurb et_pb_bg_layout_light et_pb_blurb_position_left et_pb_module et_block_module preset--module--divi-blurb--23cb966c-3212-41e8-bcea-6490a13b6e25\"><div class=\"et_pb_blurb_content\"><div class=\"et_pb_blurb_container\"><h4 class=\"et_pb_module_header\">Subtilitas et Nervus<\/h4><div class=\"et_pb_blurb_description\"><p>Un estil clar i prec\u00eds. Subtilesa en el tra\u00e7. Nervi en l'energia<\/p>\n<\/div><\/div><\/div><\/div>\n<\/div>\n\n<div class=\"et_pb_column_7 et_pb_column et_pb_column_1_2 et-last-child et_block_column et_pb_css_mix_blend_mode_passthrough\">\n<div class=\"et_pb_blurb_3 et_pb_blurb et_pb_bg_layout_light et_pb_blurb_position_left et_pb_module et_block_module preset--module--divi-blurb--23cb966c-3212-41e8-bcea-6490a13b6e25\"><div class=\"et_pb_blurb_content\"><div class=\"et_pb_blurb_container\"><h4 class=\"et_pb_module_header\">Monovarietals<\/h4><div class=\"et_pb_blurb_description\"><p>Reinterpretem cada varietat des de la seva forma m\u00e9s pura. Un sol ra\u00efm, un terroir i una anyada<\/p>\n<\/div><\/div><\/div><\/div>\n<\/div>\n<\/div>\n\n<div class=\"et_pb_row_5 et_pb_row et_block_row\">\n<div class=\"et_pb_column_8 et_pb_column et_pb_column_1_2 et_block_column et_pb_css_mix_blend_mode_passthrough\">\n<div class=\"et_pb_blurb_4 et_pb_blurb et_pb_bg_layout_light et_pb_blurb_position_left et_pb_module et_block_module preset--module--divi-blurb--23cb966c-3212-41e8-bcea-6490a13b6e25\"><div class=\"et_pb_blurb_content\"><div class=\"et_pb_blurb_container\"><h4 class=\"et_pb_module_header\">Innovem elaborant<\/h4><div class=\"et_pb_blurb_description\"><p>Q\u00fcestionem l'establert per aconseguir un vi m\u00e9s n\u00edtid, m\u00e9s tens, m\u00e9s fidel<\/p>\n<\/div><\/div><\/div><\/div>\n<\/div>\n\n<div class=\"et_pb_column_9 et_pb_column et_pb_column_1_2 et-last-child et_block_column et_pb_css_mix_blend_mode_passthrough\">\n<div class=\"et_pb_blurb_5 et_pb_blurb et_pb_bg_layout_light et_pb_blurb_position_left et_pb_module et_block_module preset--module--divi-blurb--23cb966c-3212-41e8-bcea-6490a13b6e25\"><div class=\"et_pb_blurb_content\"><div class=\"et_pb_blurb_container\"><h4 class=\"et_pb_module_header\">Capacitat de guarda<\/h4><div class=\"et_pb_blurb_description\"><p>El temps \u00e9s part de l'origen. Un vi amb nervi, pensat per evolucionar<\/p>\n<\/div><\/div><\/div><\/div>\n<\/div>\n<\/div>\n\n<div class=\"et_pb_row_6 et_pb_row et_block_row\">\n<div class=\"et_pb_column_10 et_pb_column et_pb_column_1_2 et_block_column et_pb_css_mix_blend_mode_passthrough\">\n<div class=\"et_pb_blurb_6 et_pb_blurb et_pb_bg_layout_light et_pb_blurb_position_left et_pb_module et_block_module preset--module--divi-blurb--23cb966c-3212-41e8-bcea-6490a13b6e25\"><div class=\"et_pb_blurb_content\"><div class=\"et_pb_blurb_container\"><h4 class=\"et_pb_module_header\">Ofici, calma i detall<\/h4><div class=\"et_pb_blurb_description\"><p>Verema manual, selecci\u00f3, trasbalsos i temps respectats. Artesania no \u00e9s nost\u00e0lgia, \u00e9s precisi\u00f3<\/p>\n<\/div><\/div><\/div><\/div>\n<\/div>\n\n<div class=\"et_pb_column_11 et_pb_column et_pb_column_1_2 et-last-child et_block_column et_pb_css_mix_blend_mode_passthrough\">\n<div class=\"et_pb_blurb_7 et_pb_blurb et_pb_bg_layout_light et_pb_blurb_position_left et_pb_module et_block_module preset--module--divi-blurb--23cb966c-3212-41e8-bcea-6490a13b6e25\"><div class=\"et_pb_blurb_content\"><div class=\"et_pb_blurb_container\"><h4 class=\"et_pb_module_header\">Col\u00b7lecci\u00f3 limitada i numerada<\/h4><div class=\"et_pb_blurb_description\"><p>Numerades, una a una. S\u00e8ries limitades, mai m\u00e9s de 600 ampolles per edici\u00f3<\/p>\n<\/div><\/div><\/div><\/div>\n<\/div>\n<\/div>\n<\/div>\n\n<div class=\"et_pb_section_3 et_pb_section et_section_regular et_flex_section\">\n<div class=\"et_pb_row_7 et_pb_row et_flex_row\">\n<div class=\"et_pb_column_12 et_pb_column et-last-child et_flex_column et_pb_css_mix_blend_mode_passthrough et_flex_column_24_24 et_flex_column_24_24_tablet et_flex_column_24_24_phone\">\n<div class=\"et_pb_module et_pb_button_module_wrapper et_pb_button_0_wrapper\"><a class=\"et_pb_button_0 et_pb_button et_pb_bg_layout_light et_pb_module et_flex_module\" href=\"\">Descobriu la nostra Col\u00b7lecci\u00f3<\/a><\/div>\n<\/div>\n<\/div>\n<\/div>","protected":false},"excerpt":{"rendered":"","protected":false},"author":1,"featured_media":0,"parent":0,"menu_order":0,"comment_status":"closed","ping_status":"closed","template":"","meta":{"footnotes":""},"class_list":["post-645","page","type-page","status-publish","hentry"],"_links":{"self":[{"href":"https:\/\/animafresca.com\/ca\/wp-json\/wp\/v2\/pages\/645","targetHints":{"allow":["GET"]}}],"collection":[{"href":"https:\/\/animafresca.com\/ca\/wp-json\/wp\/v2\/pages"}],"about":[{"href":"https:\/\/animafresca.com\/ca\/wp-json\/wp\/v2\/types\/page"}],"author":[{"embeddable":true,"href":"https:\/\/animafresca.com\/ca\/wp-json\/wp\/v2\/users\/1"}],"replies":[{"embeddable":true,"href":"https:\/\/animafresca.com\/ca\/wp-json\/wp\/v2\/comments?post=645"}],"version-history":[{"count":1,"href":"https:\/\/animafresca.com\/ca\/wp-json\/wp\/v2\/pages\/645\/revisions"}],"predecessor-version":[{"id":646,"href":"https:\/\/animafresca.com\/ca\/wp-json\/wp\/v2\/pages\/645\/revisions\/646"}],"wp:attachment":[{"href":"https:\/\/animafresca.com\/ca\/wp-json\/wp\/v2\/media?parent=645"}],"curies":[{"name":"wp","href":"https:\/\/api.w.org\/{rel}","templated":true}]}}