{"id":643,"date":"2026-01-28T23:25:31","date_gmt":"2026-01-28T22:25:31","guid":{"rendered":"https:\/\/animafresca.com\/inici\/"},"modified":"2026-04-06T23:08:03","modified_gmt":"2026-04-06T22:08:03","slug":"inici","status":"publish","type":"page","link":"https:\/\/animafresca.com\/ca\/","title":{"rendered":"Inici"},"content":{"rendered":"<div class=\"et_pb_section_0 et_pb_section et_section_regular et_flex_section et-pb-has-background-video et_pb_preload\"><span class=\"et-pb-background-video\"><video autoplay loop playsinline muted><source type=\"video\/mp4\" src=\"https:\/\/animafresca.com\/wp-content\/uploads\/2026\/03\/5245377-uhd_3840_2160_30fps-1.mp4\" \/><\/video><\/span>\n<div class=\"et_pb_row_0 et_pb_row et_flex_row\">\n<div class=\"et_pb_column_0 et_pb_column et-last-child et_flex_column et_pb_css_mix_blend_mode_passthrough et_flex_column_24_24 et_flex_column_24_24_tablet et_flex_column_24_24_phone\">\n<div class=\"et_pb_image_0 et_pb_image et_pb_module et_flex_module\"><span class=\"et_pb_image_wrap\"><img loading=\"lazy\" decoding=\"async\" src=\"https:\/\/animafresca.com\/wp-content\/uploads\/2026\/03\/AnimaFresca_Bottle_Home.png\" title=\"AnimaFresca_Bottle_Home\" width=\"700\" height=\"2300\" srcset=\"https:\/\/animafresca.com\/wp-content\/uploads\/2026\/03\/AnimaFresca_Bottle_Home.png 700w, https:\/\/animafresca.com\/wp-content\/uploads\/2026\/03\/AnimaFresca_Bottle_Home-480x1577.png 480w\" sizes=\"(min-width: 0px) and (max-width: 480px) 480px, (min-width: 481px) 700px, 100vw\" class=\"wp-image-725\" \/><\/span><\/div>\n<\/div>\n<\/div>\n<\/div>\n\n<div class=\"et_pb_section_1 et_pb_section et_section_regular et_flex_section\">\n<div class=\"et_pb_row_1 et_pb_row et_flex_row\">\n<div class=\"et_pb_column_1 et_pb_column et-last-child et_flex_column et_pb_css_mix_blend_mode_passthrough et_flex_column_24_24 et_flex_column_24_24_tablet et_flex_column_24_24_phone\">\n<div class=\"et_pb_image_1 et_pb_image et_pb_module et_flex_module\"><span class=\"et_pb_image_wrap\"><img loading=\"lazy\" decoding=\"async\" src=\"https:\/\/animafresca.com\/wp-content\/uploads\/2026\/02\/PNG_LogoAFcirculo_v.2.0.png\" title=\"PNG_LogoAFcirculo_v.2.0\" width=\"1500\" height=\"1500\" srcset=\"https:\/\/animafresca.com\/wp-content\/uploads\/2026\/02\/PNG_LogoAFcirculo_v.2.0.png 1500w, https:\/\/animafresca.com\/wp-content\/uploads\/2026\/02\/PNG_LogoAFcirculo_v.2.0-1280x1280.png 1280w, https:\/\/animafresca.com\/wp-content\/uploads\/2026\/02\/PNG_LogoAFcirculo_v.2.0-980x980.png 980w, https:\/\/animafresca.com\/wp-content\/uploads\/2026\/02\/PNG_LogoAFcirculo_v.2.0-480x480.png 480w\" sizes=\"(min-width: 0px) and (max-width: 480px) 480px, (min-width: 481px) and (max-width: 980px) 980px, (min-width: 981px) and (max-width: 1280px) 1280px, (min-width: 1281px) 1500px, 100vw\" class=\"wp-image-205\" \/><\/span><\/div>\n\n<div class=\"et_pb_text_0 et_pb_text et_pb_bg_layout_light et_pb_module et_block_module preset--module--divi-text--ec42ccf8-21ce-406e-af5a-d1c687ea8cfc\"><div class=\"et_pb_text_inner\"><p style=\"text-align: center;\">Som un equip amb cam\u00ed propi.<br \/>Triem amb qui i on per trobar un estil prec\u00eds:<br \/>Subtilitas et Nervus<\/p>\n<\/div><\/div>\n<\/div>\n<\/div>\n<\/div>\n\n<div class=\"et_pb_section_2 et_pb_section et_section_regular et_block_section\">\n<div class=\"et_pb_row_2 et_pb_row et_flex_row\">\n<div class=\"et_pb_column_2 et_pb_column et-last-child et_flex_column et_pb_css_mix_blend_mode_passthrough et_flex_column_24_24 et_flex_column_24_24_tablet et_flex_column_24_24_phone\">\n<div class=\"et_pb_heading_0 et_pb_heading et_pb_module et_block_module preset--module--divi-heading--c56776e2-6830-4fa8-b48f-f325976b9d87\"><div class=\"et_pb_heading_container\"><h2 class=\"et_pb_module_header\">Identitat<\/h2><\/div><\/div>\n<\/div>\n<\/div>\n\n<div class=\"et_pb_row_3 et_pb_row et_flex_row\">\n<div class=\"et_pb_column_3 et_pb_column et_flex_column et_pb_css_mix_blend_mode_passthrough et_flex_column_12_24 et_flex_column_12_24_tablet et_flex_column_24_24_phone\">\n<div class=\"et_pb_heading_1 et_pb_heading et_pb_module et_block_module\"><div class=\"et_pb_heading_container\"><h1 class=\"et_pb_module_header\">Persones<\/h1><\/div><\/div>\n<\/div>\n\n<div class=\"et_pb_column_4 et_pb_column et-last-child et_flex_column et_pb_css_mix_blend_mode_passthrough et_flex_column_12_24 et_flex_column_12_24_tablet et_flex_column_24_24_phone\">\n<div class=\"et_pb_heading_2 et_pb_heading et_pb_module et_block_module preset--module--divi-heading--e9cc8555-3f4f-49f7-a51e-cbf8d24b6287\"><div class=\"et_pb_heading_container\"><h4 class=\"et_pb_module_header\">Triem persones abans que vins<\/h4><\/div><\/div>\n\n<div class=\"et_pb_text_1 et_pb_text et_pb_bg_layout_light et_pb_module et_block_module preset--module--divi-text--ec42ccf8-21ce-406e-af5a-d1c687ea8cfc\"><div class=\"et_pb_text_inner\"><p>Mirades amb m\u00e8tode, experi\u00e8ncia i sensibilitat, disposades a reinterpretar el terroir per expressar, en plenitud, la subtilesa i el nervi.<\/p>\n<\/div><\/div>\n\n<div class=\"et_pb_module et_pb_button_module_wrapper et_pb_button_0_wrapper preset--module--divi-button--1070dfb2-5f24-4da6-bc14-816756a846a9_wrapper\"><a class=\"et_pb_button_0 et_pb_button et_pb_bg_layout_light et_pb_module et_block_module preset--module--divi-button--1070dfb2-5f24-4da6-bc14-816756a846a9\" href=\"https:\/\/animafresca.com\/ca\/identitat\/\">Saber-ne m\u00e9s<\/a><\/div>\n<\/div>\n<\/div>\n\n<div class=\"et_pb_row_4 et_pb_row et_flex_row\">\n<div class=\"et_pb_column_5 et_pb_column et_flex_column et_pb_css_mix_blend_mode_passthrough et_flex_column_12_24 et_flex_column_12_24_tablet et_flex_column_24_24_phone\">\n<div class=\"et_pb_heading_3 et_pb_heading et_pb_module et_block_module preset--module--divi-heading--e9cc8555-3f4f-49f7-a51e-cbf8d24b6287\"><div class=\"et_pb_heading_container\"><h4 class=\"et_pb_module_header\">Terroirs amb tensi\u00f3 i finor<\/h4><\/div><\/div>\n\n<div class=\"et_pb_text_2 et_pb_text et_pb_bg_layout_light et_pb_module et_block_module preset--module--divi-text--ec42ccf8-21ce-406e-af5a-d1c687ea8cfc\"><div class=\"et_pb_text_inner\"><p data-start=\"143\" data-end=\"224\">Seleccionem terrers singulars amb potencial per desenvolupar subtilesa i nervi, capa\u00e7os de parlar sense al\u00e7ar la veu.<\/p>\n<p data-start=\"226\" data-end=\"352\" data-is-last-node=\"\" data-is-only-node=\"\">Nom\u00e9s reinterpretem monovarietals, perqu\u00e8 quan tot es redueix a un sol ra\u00efm, la veritat del lloc esdev\u00e9 incontestable.<\/p>\n<\/div><\/div>\n\n<div class=\"et_pb_module et_pb_button_module_wrapper et_pb_button_1_wrapper preset--module--divi-button--1070dfb2-5f24-4da6-bc14-816756a846a9_wrapper\"><a class=\"et_pb_button_1 et_pb_button et_pb_bg_layout_light et_pb_module et_block_module preset--module--divi-button--1070dfb2-5f24-4da6-bc14-816756a846a9\" href=\"https:\/\/animafresca.com\/ca\/terroirs\/\">Exploreu els nostres Terroirs<\/a><\/div>\n<\/div>\n\n<div class=\"et_pb_column_6 et_pb_column et-last-child et_flex_column et_pb_css_mix_blend_mode_passthrough et_flex_column_12_24 et_flex_column_12_24_tablet et_flex_column_24_24_phone\">\n<div class=\"et_pb_heading_4 et_pb_heading et_pb_module et_block_module\"><div class=\"et_pb_heading_container\"><h1 class=\"et_pb_module_header\">Terroirs<\/h1><\/div><\/div>\n<\/div>\n<\/div>\n\n<div class=\"et_pb_row_5 et_pb_row et_flex_row\">\n<div class=\"et_pb_column_7 et_pb_column et_flex_column et_pb_css_mix_blend_mode_passthrough et_flex_column_12_24 et_flex_column_12_24_tablet et_flex_column_24_24_phone\">\n<div class=\"et_pb_heading_5 et_pb_heading et_pb_module et_block_module\"><div class=\"et_pb_heading_container\"><h1 class=\"et_pb_module_header\">M\u00e8tode<\/h1><\/div><\/div>\n<\/div>\n\n<div class=\"et_pb_column_8 et_pb_column et-last-child et_flex_column et_pb_css_mix_blend_mode_passthrough et_flex_column_12_24 et_flex_column_12_24_tablet et_flex_column_24_24_phone\">\n<div class=\"et_pb_heading_6 et_pb_heading et_pb_module et_block_module preset--module--divi-heading--e9cc8555-3f4f-49f7-a51e-cbf8d24b6287\"><div class=\"et_pb_heading_container\"><h4 class=\"et_pb_module_header\">Rigor perqu\u00e8 el vi vibri<\/h4><\/div><\/div>\n\n<div class=\"et_pb_text_3 et_pb_text et_pb_bg_layout_light et_pb_module et_block_module preset--module--divi-text--ec42ccf8-21ce-406e-af5a-d1c687ea8cfc\"><div class=\"et_pb_text_inner\"><p>M\u00e8tode significa triar b\u00e9 cada gest. El suficient per revelar el terroir, el m\u00ednim per no tapar-lo. Aix\u00ed neix la subtilesa i apareix el nervi.  <\/p>\n<\/div>\n<div class=\"et_pb_module et_pb_button_module_wrapper et_pb_button_2_wrapper preset--module--divi-button--1070dfb2-5f24-4da6-bc14-816756a846a9_wrapper\"><a class=\"et_pb_button_2 et_pb_button et_pb_bg_layout_light et_pb_module et_block_module preset--module--divi-button--1070dfb2-5f24-4da6-bc14-816756a846a9\" href=\"https:\/\/animafresca.com\/ca\/identitat\/\">Con\u00e8ixer m\u00e9s<\/a><\/div>\n<\/div>\n<\/div>\n<\/div>\n<\/div>\n\n<div class=\"et_pb_section_3 et_pb_section et_section_regular et_block_section preset--module--divi-section--9e506187-0c62-43b1-a299-bc23dee78fa9\">\n<div class=\"et_pb_row_6 et_pb_row et_block_row\">\n<div class=\"et_pb_column_9 et_pb_column et_pb_column_2_5 et_block_column et_pb_css_mix_blend_mode_passthrough\">\n<div class=\"et_pb_heading_7 et_pb_heading et_pb_module et_block_module preset--module--divi-heading--e9cc8555-3f4f-49f7-a51e-cbf8d24b6287\"><div class=\"et_pb_heading_container\"><h4 class=\"et_pb_module_header\">COL\u00b7LECCI\u00d3<\/h4><\/div><\/div>\n\n<div class=\"et_pb_heading_8 et_pb_heading et_pb_module et_block_module preset--module--divi-heading--c56776e2-6830-4fa8-b48f-f325976b9d87\"><div class=\"et_pb_heading_container\"><h2 class=\"et_pb_module_header\">Els nostres Vins<\/h2><\/div><\/div>\n\n<div class=\"et_pb_text_4 et_pb_text et_pb_bg_layout_light et_pb_module et_block_module preset--module--divi-text--7b705473-7fd0-4638-91e5-40f970243646\"><div class=\"et_pb_text_inner\" data-et-mv-hidden-tablet=\"true\"><p>La nostra col\u00b7lecci\u00f3 es construeix en s\u00e8ries \u00faniques i limitades.<br data-start=\"185\" data-end=\"188\">Cada interpretaci\u00f3 neix d'una sola varietat, un sol terroir i una sola anyada, sempre en microcol\u00b7leccions.<br data-start=\"262\" data-end=\"265\">Una col\u00b7lecci\u00f3 fixa dona forma a la nostra identitat, mentre explorem nous terroirs en edicions \u00faniques i no repetibles.<\/p>\n<\/div><\/div>\n\n<div class=\"et_pb_module et_pb_button_module_wrapper et_pb_button_3_wrapper preset--module--divi-button--81653db4-b549-4b83-ab92-8cebdd449945_wrapper\"><a class=\"et_pb_button_3 et_pb_button et_pb_bg_layout_light et_pb_module et_block_module preset--module--divi-button--81653db4-b549-4b83-ab92-8cebdd449945\" href=\"https:\/\/animafresca.com\/ca\/colleccio-de-vins\/\">Descobriu m\u00e9s<\/a><\/div>\n<\/div>\n\n<div class=\"et_pb_column_10 et_pb_column et_pb_column_3_5 et-last-child et_block_column et_pb_css_mix_blend_mode_passthrough\">\n<div class=\"et_pb_image_2 et_pb_image et_pb_module et_block_module\"><span class=\"et_pb_image_wrap\"><img loading=\"lazy\" decoding=\"async\" src=\"https:\/\/animafresca.com\/wp-content\/uploads\/2026\/03\/home_sb_sy.jpg\" title=\"home_sb_sy\" width=\"947\" height=\"1393\" srcset=\"https:\/\/animafresca.com\/wp-content\/uploads\/2026\/03\/home_sb_sy.jpg 947w, https:\/\/animafresca.com\/wp-content\/uploads\/2026\/03\/home_sb_sy-480x706.jpg 480w\" sizes=\"(min-width: 0px) and (max-width: 480px) 480px, (min-width: 481px) 947px, 100vw\" class=\"wp-image-607\" \/><\/span><\/div>\n<\/div>\n<\/div>\n<\/div>\n\n<div class=\"et_pb_section_4 et_pb_section et_section_regular et_block_section\">\n<div class=\"et_pb_row_7 et_pb_row et_block_row\">\n<div class=\"et_pb_column_11 et_pb_column et_pb_column_2_3 et_block_column et_pb_css_mix_blend_mode_passthrough\">\n<div class=\"et_pb_text_5 et_pb_text et_pb_bg_layout_dark et_pb_bg_layout_light_hover et_animated et_pb_module et_block_module\"><div class=\"et_pb_text_inner\"><h3>Club<br \/>Anima<br \/>Fresca<\/h3>\n<\/div><\/div>\n\n<div class=\"et_pb_text_6 et_pb_text et_pb_bg_layout_light et_pb_module et_flex_module\"><div class=\"et_pb_text_inner\" data-et-mv-hidden-phone=\"true\"><p style=\"text-align: right;\">Un lloc per a qui vol acompanyar Anima Fresca des de dins: decidir-ne l'evoluci\u00f3, viure els terroirs i accedir abans que ning\u00fa al que est\u00e0 per venir.<\/p>\n<\/div><\/div>\n\n<div class=\"et_pb_module et_pb_button_module_wrapper et_pb_button_4_wrapper preset--module--divi-button--81653db4-b549-4b83-ab92-8cebdd449945_wrapper\"><a class=\"et_pb_button_4 et_pb_button et_pb_bg_layout_light et_pb_module et_block_module preset--module--divi-button--81653db4-b549-4b83-ab92-8cebdd449945\" href=\"https:\/\/animafresca.com\/ca\/club\/\">Accedir<\/a><\/div>\n<\/div>\n\n<div class=\"et_pb_column_12 et_pb_column et_pb_column_1_3 et-last-child et_block_column et_pb_css_mix_blend_mode_passthrough\">\n<div class=\"et_pb_image_3 et_pb_image et_pb_module et_block_module\"><span class=\"et_pb_image_wrap\"><img loading=\"lazy\" decoding=\"async\" src=\"https:\/\/animafresca.com\/wp-content\/uploads\/2026\/03\/11AF-scaled.jpg\" title=\"11AF\" width=\"1128\" height=\"2560\" srcset=\"https:\/\/animafresca.com\/wp-content\/uploads\/2026\/03\/11AF-scaled.jpg 1128w, https:\/\/animafresca.com\/wp-content\/uploads\/2026\/03\/11AF-980x2224.jpg 980w, https:\/\/animafresca.com\/wp-content\/uploads\/2026\/03\/11AF-480x1089.jpg 480w\" sizes=\"(min-width: 0px) and (max-width: 480px) 480px, (min-width: 481px) and (max-width: 980px) 980px, (min-width: 981px) 1128px, 100vw\" class=\"wp-image-427\" \/><\/span><\/div>\n<\/div>\n<\/div>\n<\/div>\n\n<div class=\"et_pb_section_5 et_pb_section et_section_regular et_block_section\">\n<div class=\"et_pb_row_8 et_pb_row et_pb_equal_columns et_pb_gutters1 et_block_row\">\n<div class=\"et_pb_column_13 et_pb_column et_pb_column_2_5 et_block_column et_pb_css_mix_blend_mode_passthrough\">\n<div class=\"et_pb_divider_0 et_pb_divider_hidden et_pb_space et_pb_divider_position_top et_pb_module\"><div class=\"et_pb_divider_internal\"><\/div><\/div>\n<\/div>\n\n<div class=\"et_pb_column_14 et_pb_column et_pb_column_3_5 et-last-child et_block_column et_pb_css_mix_blend_mode_passthrough preset--module--divi-column--26d77520-d441-404b-b133-a92ba65acf1e\">\n<div class=\"et_pb_heading_9 et_pb_heading et_pb_module et_block_module preset--module--divi-heading--c56776e2-6830-4fa8-b48f-f325976b9d87\"><div class=\"et_pb_heading_container\"><h2 class=\"et_pb_module_header\">Contacte<\/h2><\/div><\/div>\n\n<div class=\"et_pb_blurb_0 et_pb_blurb et_pb_bg_layout_dark et_pb_blurb_position_left et_pb_module et_block_module preset--module--divi-blurb--f7aab05f-5f18-4931-9fed-4897c0747a50\"><div class=\"et_pb_blurb_content\"><div class=\"et_pb_main_blurb_image\"><span class=\"et_pb_image_wrap\"><span class=\"et-pb-icon et-waypoint et_pb_animation_off et_pb_animation_off_tablet et_pb_animation_off_phone\">\uf2b6<\/span><\/span><\/div><div class=\"et_pb_blurb_container\"><h4 class=\"et_pb_module_header\">info@animafresca.com<\/h4><div class=\"et_pb_blurb_description\"><p>Tel: + 34 671 29 65 76<\/p>\n<\/div><\/div><\/div><\/div>\n\n<div class=\"et_pb_blurb_1 et_pb_blurb et_pb_bg_layout_dark et_pb_blurb_position_left et_pb_module et_block_module preset--module--divi-blurb--f7aab05f-5f18-4931-9fed-4897c0747a50\"><div class=\"et_pb_blurb_content\"><div class=\"et_pb_main_blurb_image\"><span class=\"et_pb_image_wrap\"><span class=\"et-pb-icon et-waypoint et_pb_animation_off et_pb_animation_off_tablet et_pb_animation_off_phone\">\uf3c5<\/span><\/span><\/div><div class=\"et_pb_blurb_container\"><h4 class=\"et_pb_module_header\">Adre\u00e7a<\/h4><div class=\"et_pb_blurb_description\"><p>Barcelona - Spain<\/p>\n<\/div><\/div><\/div><\/div>\n\n<div class=\"et_pb_module et_pb_button_module_wrapper et_pb_button_5_wrapper preset--module--divi-button--81653db4-b549-4b83-ab92-8cebdd449945_wrapper\"><a class=\"et_pb_button_5 et_pb_button et_pb_bg_layout_light et_pb_module et_block_module preset--module--divi-button--81653db4-b549-4b83-ab92-8cebdd449945\" href=\"mailto:info@animafresca.com\">Contacteu-nos<\/a><\/div>\n<\/div>\n<\/div>\n<\/div>","protected":false},"excerpt":{"rendered":"","protected":false},"author":1,"featured_media":0,"parent":0,"menu_order":0,"comment_status":"closed","ping_status":"closed","template":"","meta":{"footnotes":""},"class_list":["post-643","page","type-page","status-publish","hentry"],"_links":{"self":[{"href":"https:\/\/animafresca.com\/ca\/wp-json\/wp\/v2\/pages\/643","targetHints":{"allow":["GET"]}}],"collection":[{"href":"https:\/\/animafresca.com\/ca\/wp-json\/wp\/v2\/pages"}],"about":[{"href":"https:\/\/animafresca.com\/ca\/wp-json\/wp\/v2\/types\/page"}],"author":[{"embeddable":true,"href":"https:\/\/animafresca.com\/ca\/wp-json\/wp\/v2\/users\/1"}],"replies":[{"embeddable":true,"href":"https:\/\/animafresca.com\/ca\/wp-json\/wp\/v2\/comments?post=643"}],"version-history":[{"count":9,"href":"https:\/\/animafresca.com\/ca\/wp-json\/wp\/v2\/pages\/643\/revisions"}],"predecessor-version":[{"id":1137,"href":"https:\/\/animafresca.com\/ca\/wp-json\/wp\/v2\/pages\/643\/revisions\/1137"}],"wp:attachment":[{"href":"https:\/\/animafresca.com\/ca\/wp-json\/wp\/v2\/media?parent=643"}],"curies":[{"name":"wp","href":"https:\/\/api.w.org\/{rel}","templated":true}]}}