{"id":640,"date":"2026-03-07T17:00:06","date_gmt":"2026-03-07T16:00:06","guid":{"rendered":"https:\/\/animafresca.com\/club\/"},"modified":"2026-04-06T22:25:09","modified_gmt":"2026-04-06T21:25:09","slug":"club","status":"publish","type":"page","link":"https:\/\/animafresca.com\/ca\/club\/","title":{"rendered":"Club"},"content":{"rendered":"<div class=\"et_pb_section_0 et_pb_section et_section_regular et_block_section et_pb_section_parallax\"><span class=\"et-pb-parallax-wrapper\"><span class=\"et-pb-parallax-background et-pb-parallax-background-module--divi-section-0\" style=\"background-image:url(https:\/\/animafresca.com\/wp-content\/uploads\/2026\/03\/personal-stylist-45-scaled.png)\"><\/span><\/span>\n<div class=\"et_pb_row_0 et_pb_row et_block_row\">\n<div class=\"et_pb_column_0 et_pb_column et_pb_column_2_5 et_block_column et_pb_css_mix_blend_mode_passthrough\">\n<div class=\"et_pb_text_0 et_pb_text et_pb_bg_layout_light et_animated et_pb_module et_block_module\"><div class=\"et_pb_text_inner\" data-et-mv-hidden-phone=\"true\"><h4>Forma part del cam\u00ed<\/h4>\n<h1>Club<br \/>Anima Fresca<\/h1>\n<p>Un lloc per a qui vol acompanyar Anima Fresca des de dins: decidir-ne l'evoluci\u00f3, viure els terroirs i accedir abans que ning\u00fa al que est\u00e0 per venir.<\/p>\n<\/div><\/div>\n<\/div>\n\n<div class=\"et_pb_column_1 et_pb_column et_pb_column_3_5 et-last-child et_block_column et_pb_css_mix_blend_mode_passthrough\">\n<div class=\"et_pb_image_0 et_pb_image et_pb_image_sticky et_pb_module et_block_module\"><span class=\"et_pb_image_wrap\"><img loading=\"lazy\" decoding=\"async\" src=\"https:\/\/animafresca.com\/wp-content\/uploads\/2026\/03\/26160167-scaled.jpg\" title=\"26160167\" width=\"1706\" height=\"2560\" srcset=\"https:\/\/animafresca.com\/wp-content\/uploads\/2026\/03\/26160167-scaled.jpg 1706w, https:\/\/animafresca.com\/wp-content\/uploads\/2026\/03\/26160167-1280x1921.jpg 1280w, https:\/\/animafresca.com\/wp-content\/uploads\/2026\/03\/26160167-980x1471.jpg 980w, https:\/\/animafresca.com\/wp-content\/uploads\/2026\/03\/26160167-480x720.jpg 480w\" sizes=\"(min-width: 0px) and (max-width: 480px) 480px, (min-width: 481px) and (max-width: 980px) 980px, (min-width: 981px) and (max-width: 1280px) 1280px, (min-width: 1281px) 1706px, 100vw\" class=\"wp-image-529\" \/><\/span><\/div>\n<\/div>\n<\/div>\n<\/div>\n\n<div class=\"et_pb_section_1 et_pb_section et_section_specialty et_pb_gutters3 et_block_section\"><div class=\"et_pb_row et_block_row\">\n<div class=\"et_pb_column_2 et_pb_column et_pb_column_single et_pb_column_1_2 et_block_column et_pb_css_mix_blend_mode_passthrough\">\n<div class=\"et_pb_image_1 et_pb_image et_pb_module et_block_module\"><span class=\"et_pb_image_wrap\"><img loading=\"lazy\" decoding=\"async\" src=\"https:\/\/animafresca.com\/wp-content\/uploads\/2026\/03\/2AF-scaled.jpg\" title=\"2AF\" width=\"1706\" height=\"2560\" srcset=\"https:\/\/animafresca.com\/wp-content\/uploads\/2026\/03\/2AF-scaled.jpg 1706w, https:\/\/animafresca.com\/wp-content\/uploads\/2026\/03\/2AF-1280x1921.jpg 1280w, https:\/\/animafresca.com\/wp-content\/uploads\/2026\/03\/2AF-980x1471.jpg 980w, https:\/\/animafresca.com\/wp-content\/uploads\/2026\/03\/2AF-480x720.jpg 480w\" sizes=\"(min-width: 0px) and (max-width: 480px) 480px, (min-width: 481px) and (max-width: 980px) 980px, (min-width: 981px) and (max-width: 1280px) 1280px, (min-width: 1281px) 1706px, 100vw\" class=\"wp-image-410\" \/><\/span><\/div>\n<\/div>\n\n<div class=\"et_pb_column_3 et_pb_column et_pb_specialty_column et_pb_column_1_2 et-last-child et_block_column et_pb_css_mix_blend_mode_passthrough\">\n<div class=\"et_pb_row_inner_0 et_pb_row_inner et_block_row\">\n<div class=\"et_pb_column_inner_0 et_pb_column_inner et_pb_column et_pb_column_4_4 et-last-child et_block_column et_pb_css_mix_blend_mode_passthrough\">\n<div class=\"et_pb_text_1 et_pb_text et_pb_bg_layout_light et_animated et_pb_module et_block_module\"><div class=\"et_pb_text_inner\" data-et-mv-hidden-phone=\"true\"><h2>On el vi es construeix junts<\/h2>\n<p>Ens uneix una manera d'entendre el vi: subtilesa i nervi.<br \/>I la llibertat de construir el cam\u00ed junts.<\/p>\n<p>Anima Fresca reuneix persones que volen viure el vi des de dins. El Club permet seguir el projecte de prop i participar en les decisions que marcaran els seus propers terroirs. <\/p>\n<p>Sense subscripcions autom\u00e0tiques. Cada any decidireu si continueu. <\/p>\n<p>Rebreu els nostres vins, viureu els terroirs i accedireu abans que ning\u00fa al que est\u00e0 per venir.<br \/>Per\u00f2, sobretot, formareu part de l'equip que construeix el cam\u00ed d'Anima Fresca.<\/p>\n<\/div><\/div>\n<\/div>\n<\/div>\n<\/div>\n<\/div><\/div>\n\n<div class=\"et_pb_section_2 et_pb_section et_section_regular et_block_section\">\n<div class=\"et_pb_row_1 et_pb_row et_block_row\">\n<div class=\"et_pb_column_4 et_pb_column et_pb_column_4_4 et-last-child et_block_column et_pb_css_mix_blend_mode_passthrough\">\n<div class=\"et_pb_text_2 et_pb_text et_pb_bg_layout_light et_pb_bg_layout_light_hover et_animated et_pb_module et_block_module et_pb_text_align_center\"><div class=\"et_pb_text_inner\"><h4>Club Anima Fresca<\/h4>\n<h2>Formar-ne part significa<\/h2>\n<\/div><\/div>\n<\/div>\n<\/div>\n\n<div class=\"et_pb_row_2 et_pb_row et_block_row\">\n<div class=\"et_pb_column_5 et_pb_column et_pb_column_1_3 et_block_column et_pb_css_mix_blend_mode_passthrough\">\n<div class=\"et_pb_text_3 et_pb_text et_pb_bg_layout_light et_pb_module et_block_module\"><div class=\"et_pb_text_inner\"><h3>Veu<\/h3>\n<p>No sereu un espectador.<br \/>\nEls membres del Club formaran part de la conversa sobre la incorporaci\u00f3 de nous terroirs, estils i futures lectures d'Anima Fresca.<\/p>\n<p>Compartirem aven\u00e7os, tasts, connexions virtuals i reflexions sobre els propers passos del projecte.<br \/>\nVolem que el Club tingui veu, criteri i pres\u00e8ncia real en l'evoluci\u00f3 de la marca.<\/p>\n<\/div><\/div>\n<\/div>\n\n<div class=\"et_pb_column_6 et_pb_column et_pb_column_1_3 et_block_column et_pb_css_mix_blend_mode_passthrough\">\n<div class=\"et_pb_text_4 et_pb_text et_pb_bg_layout_light et_pb_module et_block_module\"><div class=\"et_pb_text_inner\"><h3>Vi<\/h3>\n<p>Cada any, els nostres membres reben dos packs d'Anima Fresca: un anual de 6 ampolles, per seguir l'evoluci\u00f3 del projecte des de dins, i un altre especial de Nadal de 3 ampolles.<br \/>A m\u00e9s, compten amb avantatge en la compra dels nostres vins, acc\u00e9s preferent a unitats limitades i compra en prim\u00edcia de cada llan\u00e7ament, sempre amb una idea clara: donar prioritat sense imposar lligams, deixant que cada any decideixin lliurement si desitgen continuar formant part del projecte.<\/p>\n<\/div><\/div>\n<\/div>\n\n<div class=\"et_pb_column_7 et_pb_column et_pb_column_1_3 et-last-child et_block_column et_pb_css_mix_blend_mode_passthrough\">\n<div class=\"et_pb_text_5 et_pb_text et_pb_bg_layout_light et_pb_module et_block_module\"><div class=\"et_pb_text_inner\"><h3>Trobada<\/h3>\n<p>Cada any celebrarem dues trobades en un dels nostres terroirs per viure el projecte all\u00e0 on neix, compartint vi, paisatge i una mirada comuna sobre el que estem construint. A aix\u00f2 se sumaran esdeveniments locals, trobades m\u00e9s properes i connexions virtuals per presentar novetats, conversar sobre llan\u00e7aments i mantenir viu el vincle durant tot l'any, perqu\u00e8 no volem un Club que nom\u00e9s envia vi, sin\u00f3 una comunitat que es troba, prova i decideix. <\/p>\n<\/div><\/div>\n<\/div>\n<\/div>\n<\/div>\n\n<div class=\"et_pb_section_3 et_pb_section et_section_regular et_block_section\">\n<div class=\"et_pb_row_3 et_pb_row et_block_row\">\n<div class=\"et_pb_column_8 et_pb_column et_pb_column_4_4 et-last-child et_block_column et_pb_css_mix_blend_mode_passthrough\">\n<div class=\"et_pb_text_6 et_pb_text et_pb_bg_layout_light et_pb_bg_layout_light_hover et_pb_module et_block_module et_pb_text_align_center\"><div class=\"et_pb_text_inner\"><h4>La manera m\u00e9s directa de formar part del projecte, tamb\u00e9 a la copa<\/h4>\n<\/div><\/div>\n<\/div>\n<\/div>\n<\/div>\n\n<div class=\"et_pb_section_4 et_pb_section et_section_regular et_flex_section\">\n<div class=\"et_pb_row_4 et_pb_row et_flex_row\">\n<div class=\"et_pb_column_9 et_pb_column et-last-child et_flex_column et_pb_css_mix_blend_mode_passthrough et_flex_column_24_24 et_flex_column_24_24_tablet et_flex_column_24_24_phone\">\n<div class=\"et_pb_text_7 et_pb_text et_pb_bg_layout_light et_pb_bg_layout_light_hover et_animated et_pb_module et_block_module et_pb_text_align_center\"><div class=\"et_pb_text_inner\"><h2>Accedir al Club<\/h2>\n<\/div><\/div>\n\n<div class=\"et_pb_slider_0 et_pb_slider et_pb_slider_fullwidth_off et_pb_slider_no_pagination et_pb_module et_flex_module\"><div class=\"et_pb_slides\">\n<div class=\"et_pb_slide_0 et_pb_slide et_pb_media_alignment_center et_pb_bg_layout_dark et_pb_module et_flex_module\" data-slide-id=\"divi\/slide-0\"><div class=\"et_pb_container\"><div class=\"et_pb_slider_container_inner\"><div class=\"et_pb_slide_description et_flex_module\"><\/div><\/div><\/div><\/div>\n\n<div class=\"et_pb_slide_1 et_pb_slide et_pb_media_alignment_center et_pb_bg_layout_dark et_pb_module et_flex_module\" data-slide-id=\"divi\/slide-1\"><div class=\"et_pb_container\"><div class=\"et_pb_slider_container_inner\"><div class=\"et_pb_slide_description et_flex_module\"><h2 class=\"et_pb_slide_title\">El vostre t\u00edtol va aqu\u00ed<\/h2><div class=\"et_pb_slide_content\"><p>El vostre contingut va aqu\u00ed. Editeu o elimineu aquest text en l\u00ednia o a la configuraci\u00f3 de contingut del m\u00f2dul. Tamb\u00e9 podeu aplicar estil a cada aspecte d'aquest contingut a la configuraci\u00f3 de disseny del m\u00f2dul i fins i tot aplicar CSS personalitzat a la configuraci\u00f3 avan\u00e7ada del m\u00f2dul.  <\/p>\n<\/div><div class=\"et_pb_button_wrapper\"><a class=\"et_pb_button et_pb_more_button\" href=\"#\">Feu clic aqu\u00ed<\/a><\/div><\/div><\/div><\/div><\/div>\n<\/div><\/div>\n<\/div>\n<\/div>\n\n<div class=\"et_pb_row_5 et_pb_row et_flex_row\">\n<div class=\"et_pb_column_10 et_pb_column et_flex_column et_pb_css_mix_blend_mode_passthrough et_flex_column_2_5 et_flex_column_2_5_tablet et_flex_column_24_24_phone\">\n<div class=\"et_pb_text_8 et_pb_text et_pb_bg_layout_light et_pb_module et_flex_module\"><div class=\"et_pb_text_inner\"><h3>Club Anima Fresca <\/h3>\n<\/div><\/div>\n\n<div class=\"et_pb_text_9 et_pb_text et_pb_bg_layout_light et_pb_module et_flex_module\"><div class=\"et_pb_text_inner\"><h4>Acc\u00e9s 2026<\/h4>\n<\/div><\/div>\n\n<div class=\"et_pb_text_10 et_pb_text et_pb_bg_layout_light et_pb_module et_flex_module\"><div class=\"et_pb_text_inner\"><p>Inclou:<br data-start=\"684\" data-end=\"687\">\u2022 Participaci\u00f3 en el projecte Anima Fresca<br \/>\u2022 Pack anual <strong data-start=\"700\" data-end=\"714\">6 ampolles<\/strong><br data-start=\"714\" data-end=\"717\">\u2022 Pack Nadal <strong data-start=\"732\" data-end=\"746\">3 ampolles<\/strong><br data-start=\"746\" data-end=\"749\">\u2022 Acc\u00e9s preferent a llan\u00e7aments<br data-start=\"783\" data-end=\"786\">\u2022 Prioritat i avantatges exclusius<br data-start=\"807\" data-end=\"810\">\u2022 Esdeveniments i trobades del Club<\/p>\n<\/div><\/div>\n<\/div>\n\n<div class=\"et_pb_column_11 et_pb_column et-last-child et_flex_column et_pb_css_mix_blend_mode_passthrough et_flex_column_3_5 et_flex_column_3_5_tablet et_flex_column_24_24_phone\">\n<div class=\"et_pb_row_6 et_pb_row et_pb_row_nested et_flex_row\">\n<div class=\"et_pb_column_12 et_pb_column et-last-child et_flex_column et_pb_css_mix_blend_mode_passthrough et_flex_column_24_24 et_flex_column_24_24_tablet et_flex_column_24_24_phone\">\n<div class=\"et_pb_text_11 et_pb_text et_pb_bg_layout_light et_pb_module et_flex_module\"><div class=\"et_pb_text_inner\"><p>Formar part del Club<\/p>\n<\/div><\/div>\n\n<div class=\"et_pb_text_12 et_pb_text et_pb_bg_layout_light et_pb_module et_flex_module\"><div class=\"et_pb_text_inner\"><p>Club Anima Fresca<br \/>Acc\u00e9s 2026<br \/>295 \u20ac<\/p>\n<\/div><\/div>\n\n<div class=\"et_pb_wc_add_to_cart_0 et_pb_wc_add_to_cart et_pb_hide_stock et_pb_fields_label_position_inline et_pb_module\"><div class=\"et_pb_module_inner\">\n\t\n\t<form class=\"cart\" action=\"https:\/\/animafresca.com\/producto\/club-anima-fresca\/\" method=\"post\" enctype='multipart\/form-data'>\n\t\t\n\t\t<div class=\"quantity\">\n\t\t<label class=\"screen-reader-text\" for=\"quantity_69da486862306\">quantitat de Club Anima Fresca<\/label>\n\t<input\n\t\ttype=\"number\"\n\t\t\t\tid=\"quantity_69da486862306\"\n\t\tclass=\"input-text qty text\"\n\t\tname=\"quantity\"\n\t\tvalue=\"1\"\n\t\taria-label=\"Quantitat de producte\"\n\t\t\t\tmin=\"1\"\n\t\t\t\t\t\t\tstep=\"1\"\n\t\t\tplaceholder=\"\"\n\t\t\tinputmode=\"numeric\"\n\t\t\tautocomplete=\"off\"\n\t\t\t\/>\n\t<\/div>\n\n\t\t<button type=\"submit\" name=\"add-to-cart\" value=\"1121\" class=\"single_add_to_cart_button button alt\">Afegeix a la cistella<\/button>\n\n\t\t\t<\/form>\n\n\t\n<\/div><\/div>\n<\/div>\n<\/div>\n<\/div>\n<\/div>\n<\/div>\n\n<div class=\"et_pb_section_5 et_pb_section et_section_regular et_block_section\">\n<div class=\"et_pb_row_7 et_pb_row et_block_row\">\n<div class=\"et_pb_column_13 et_pb_column et_pb_column_2_3 et_block_column et_pb_css_mix_blend_mode_passthrough\">\n<div class=\"et_pb_text_13 et_pb_text et_pb_bg_layout_dark et_pb_bg_layout_light_hover et_animated et_pb_module et_block_module\"><div class=\"et_pb_text_inner\"><h3>Club Anima Fresca<\/h3>\n<\/div><\/div>\n<\/div>\n\n<div class=\"et_pb_column_14 et_pb_column et_pb_column_1_3 et-last-child et_block_column et_pb_css_mix_blend_mode_passthrough\">\n<div class=\"et_pb_image_2 et_pb_image et_pb_module et_block_module\"><span class=\"et_pb_image_wrap\"><img loading=\"lazy\" decoding=\"async\" src=\"https:\/\/animafresca.com\/wp-content\/uploads\/2026\/03\/11AF-scaled.jpg\" title=\"11AF\" width=\"1128\" height=\"2560\" srcset=\"https:\/\/animafresca.com\/wp-content\/uploads\/2026\/03\/11AF-scaled.jpg 1128w, https:\/\/animafresca.com\/wp-content\/uploads\/2026\/03\/11AF-980x2224.jpg 980w, https:\/\/animafresca.com\/wp-content\/uploads\/2026\/03\/11AF-480x1089.jpg 480w\" sizes=\"(min-width: 0px) and (max-width: 480px) 480px, (min-width: 481px) and (max-width: 980px) 980px, (min-width: 981px) 1128px, 100vw\" class=\"wp-image-427\" \/><\/span><\/div>\n<\/div>\n<\/div>\n<\/div>","protected":false},"excerpt":{"rendered":"","protected":false},"author":1,"featured_media":0,"parent":0,"menu_order":0,"comment_status":"closed","ping_status":"closed","template":"","meta":{"footnotes":""},"class_list":["post-640","page","type-page","status-publish","hentry"],"_links":{"self":[{"href":"https:\/\/animafresca.com\/ca\/wp-json\/wp\/v2\/pages\/640","targetHints":{"allow":["GET"]}}],"collection":[{"href":"https:\/\/animafresca.com\/ca\/wp-json\/wp\/v2\/pages"}],"about":[{"href":"https:\/\/animafresca.com\/ca\/wp-json\/wp\/v2\/types\/page"}],"author":[{"embeddable":true,"href":"https:\/\/animafresca.com\/ca\/wp-json\/wp\/v2\/users\/1"}],"replies":[{"embeddable":true,"href":"https:\/\/animafresca.com\/ca\/wp-json\/wp\/v2\/comments?post=640"}],"version-history":[{"count":3,"href":"https:\/\/animafresca.com\/ca\/wp-json\/wp\/v2\/pages\/640\/revisions"}],"predecessor-version":[{"id":1125,"href":"https:\/\/animafresca.com\/ca\/wp-json\/wp\/v2\/pages\/640\/revisions\/1125"}],"wp:attachment":[{"href":"https:\/\/animafresca.com\/ca\/wp-json\/wp\/v2\/media?parent=640"}],"curies":[{"name":"wp","href":"https:\/\/api.w.org\/{rel}","templated":true}]}}